{"id":307,"date":"2020-05-30T13:57:05","date_gmt":"2020-05-30T10:57:05","guid":{"rendered":"https:\/\/www.esmarin.fi\/?page_id=307"},"modified":"2020-05-30T13:57:05","modified_gmt":"2020-05-30T10:57:05","slug":"historia","status":"publish","type":"page","link":"https:\/\/www.esmarin.fi\/fi\/historia\/","title":{"rendered":"Historia"},"content":{"rendered":"<h1 style=\"text-align: center;\">Esmarinin historia<\/h1>\n<p><strong>1992:<\/strong> Esmarin Oy perustetaan Punkaharjulle Esa Tynkkysen toimesta. Yritys keskittyy aluksi veneiden valmistukseen ja korjaukseen.<\/p>\n<p><strong>1993:<\/strong> Pendolino-junien alapohjien ja sivuluukkujen valmistus aloitetaan.<\/p>\n<p><strong>1994:<\/strong> IC-junanvaunujen sis\u00e4kattopaneeleiden valmistus aloitetaan. Yritys suuntautuu kiskokalustotuotteisiin.<\/p>\n<p><strong>1996:<\/strong> IC-junanvaunujen p\u00e4\u00e4tykatteiden ja akustolaatikoiden valmistus aloitetaan. Muutto Savonlinnaan paremmin soveltuviin tuotantotiloihin.<\/p>\n<p><strong>2000:<\/strong> Veneiden sopimusvalmistus aloitetaan pieness\u00e4 mittakaavassa.<\/p>\n<p><strong>2002:<\/strong> Veneiden sopimusvalmistus Konekesko Oy:lle alkaa.<\/p>\n<p><strong>2004:<\/strong> Veneiden sopimusvalmistus Bella Veneet Oy:lle alkaa. Otetaan k\u00e4ytt\u00f6\u00f6n lis\u00e4\u00e4 tuotantotilaa Teknolan alueelta.<\/p>\n<p><strong>2006:<\/strong> Toinen tuotantolaitos tuhoutuu tulipalossa ja uuden tehtaan rakennus aloitetaan.<\/p>\n<p><strong>2007:<\/strong> Uusi komposiittituotantoon suunniteltu tehdas valmistuu k\u00e4ytt\u00f6\u00f6n.<\/p>\n<p><strong>2008:<\/strong> Venemarkkinat ajautuvat kriisiin. Valmistus Konekeskolle ja Bella-veneille p\u00e4\u00e4ttyy<\/p>\n<p><strong>2009:<\/strong> Yritys aloittaa toimintansa Oy Esmarin Composites Ltd nimell\u00e4 ja aloittaa Sea Star -veneiden, valmistuksen. Drive- ja Buster-veneiden suunnittelu aloitetaan yhteisty\u00f6ss\u00e4 Fiskars Boatsin kanssa.<\/p>\n<p><strong>2010:<\/strong> IC-makuuvaunun, WC- ja suihkumoduuleidenvalmistus aloitetaan. Drive- ja Buster-veneiden tuotanto aloitetaan.<\/p>\n<p><strong>2011:<\/strong> Matalalattiaraitiovaunujen komposiittij\u00e4rjestelmien suunnittelu aloitetaan.<\/p>\n<p><strong>2012:<\/strong> Venemarkkinat ajautuvat j\u00e4lleen kriisiin. Sea Star -veneiden valmistus lopetetaan. Drive- ja Buster -veneiden valmistus siirret\u00e4\u00e4n Puolaan. ISO9001 laatu- ja johtamisj\u00e4rjestelm\u00e4 sertifioidaan.<\/p>\n<p><strong>2013:<\/strong> Matalalattiaraitiovaunun komposiittij\u00e4rjestelmi\u00e4 toimitetaan esisarjan raitiovaunuihin Helsinkiin. Kylpyhuoneiden lattiaelementtien valmistus aloitetaan STX Finlandille. Finnmaster-veneiden valmistus aloitetaan.<\/p>\n<p><strong>2014:<\/strong> Matalalattiaraitiovaunujen komposiittij\u00e4rjestelmien sarjatuotanto aloitetaan. Finnmaster 52SC -veneiden valmistus alkaa. Kylpyhuoneiden lattiaelementtien valmistus jatkuu Meyer Werftille.<\/p>\n<p><strong>2015:<\/strong> Veneiden valmistuksesta luovutaan. Matalalattiaraitiovaunujen komposiittij\u00e4rjestelmien sarjatuotanto vilkastuu. Kylpyhuoneiden lattiaelementtien valmistus jatkuu Meyer Werftille. My\u00f6s erityisajoneuvojen osavalmistus vilkastuu, kun konesuojien valmistus Dinoliftille aloitetaan.<\/p>\n<p><strong>2015:<\/strong> Erityisajoneuvo-osien valmistus laajenee. Yhteisty\u00f6 Snowek Oy:n kanssa aloitetaan innovatiivisten Trombia lakaisulaitteiden muotosuojien suunnittelussa ja valmistuksessa.<\/p>\n<p><strong>2016:<\/strong> Kylpyhuoneiden lattiaelementtitoimitukset jatkuvat. MS6-risteilij\u00e4n lattiaelementit toimitetaan. Yhteisty\u00f6 Sandvik Mining and Constructionin kanssa aloitetaan Sandvik Commando DC130Ri -koneen konesuojiin liittyen.<\/p>\n<p><strong>2017:<\/strong> Kylpyhuoneiden lattiaelementtitoimitukset jatkuvat. Matalalattiaraitiovaunujen ensimm\u00e4isen vaiheen sarjatuotanto jatkuu.  Ensimm\u00e4inen merkitt\u00e4v\u00e4 vientikauppa solmitaan ja kylpyhuonelattiaelementtitoimitukset Ranskaan alkavat.<\/p>\n<p><strong>2018:<\/strong> Kylpyhuoneen lattiaelementtien valmistamisen tahti kiihtyy ja Helsingin uusien raitiovaunujen valmistaminen py\u00f6rii t\u00e4ydell\u00e4 teholla. Yritys kasvaa reipasta tahtia, uutta henkil\u00f6st\u00f6\u00e4 palkataan ja tuotantolinjoja kehitet\u00e4\u00e4n isoin panostuksin.<\/p>\n<p><strong>2019:<\/strong> Telakkateollisuuden tuotteiden kasvu jatkuu, kaivoskoneiden maskien sarjatoimitukset Normetille alkavat ja kiskokalustotuotteiden toimitukset jatkuvat. Tampereen raitiovaunun suunnittelu alkaa. Esmarin tuplaa henkil\u00f6st\u00f6ns\u00e4 ja tuotantonsa parin vuoden takaiseen verrattuna.<\/p>\n<p><strong>2020:<\/strong> Ensimm\u00e4iset toimitukset Tampereen raitiovaunuun alkavat.<\/p>\n","protected":false},"excerpt":{"rendered":"<p>Esmarinin historia 1992: Esmarin Oy perustetaan Punkaharjulle Esa Tynkkysen toimesta. Yritys keskittyy aluksi veneiden valmistukseen ja korjaukseen. 1993: Pendolino-junien alapohjien ja sivuluukkujen valmistus&#8230;<\/p>\n","protected":false},"author":2,"featured_media":305,"parent":0,"menu_order":0,"comment_status":"closed","ping_status":"closed","template":"","meta":{"footnotes":""},"class_list":["post-307","page","type-page","status-publish","has-post-thumbnail","hentry"],"yoast_head":"<!-- This site is optimized with the Yoast SEO plugin v27.4 - https:\/\/yoast.com\/product\/yoast-seo-wordpress\/ -->\n<title>Historia - Esmarin<\/title>\n<meta name=\"robots\" content=\"index, follow, max-snippet:-1, max-image-preview:large, max-video-preview:-1\" \/>\n<link rel=\"canonical\" href=\"https:\/\/www.esmarin.fi\/fi\/historia\/\" \/>\n<meta property=\"og:locale\" content=\"fi_FI\" \/>\n<meta property=\"og:type\" content=\"article\" \/>\n<meta property=\"og:title\" content=\"Historia - Esmarin\" \/>\n<meta property=\"og:description\" content=\"Esmarinin historia 1992: Esmarin Oy perustetaan Punkaharjulle Esa Tynkkysen toimesta. Yritys keskittyy aluksi veneiden valmistukseen ja korjaukseen. 1993: Pendolino-junien alapohjien ja sivuluukkujen valmistus...\" \/>\n<meta property=\"og:url\" content=\"https:\/\/www.esmarin.fi\/fi\/historia\/\" \/>\n<meta property=\"og:site_name\" content=\"Esmarin\" \/>\n<meta property=\"og:image\" content=\"https:\/\/www.esmarin.fi\/wp-content\/uploads\/2020\/05\/Esmarin-5600.jpg\" \/>\n\t<meta property=\"og:image:width\" content=\"2048\" \/>\n\t<meta property=\"og:image:height\" content=\"1365\" \/>\n\t<meta property=\"og:image:type\" content=\"image\/jpeg\" \/>\n<meta name=\"twitter:card\" content=\"summary_large_image\" \/>\n<meta name=\"twitter:label1\" content=\"Arvioitu lukuaika\" \/>\n\t<meta name=\"twitter:data1\" content=\"2 minuuttia\" \/>\n<script type=\"application\/ld+json\" class=\"yoast-schema-graph\">{\"@context\":\"https:\\\/\\\/schema.org\",\"@graph\":[{\"@type\":\"WebPage\",\"@id\":\"https:\\\/\\\/www.esmarin.fi\\\/fi\\\/historia\\\/\",\"url\":\"https:\\\/\\\/www.esmarin.fi\\\/fi\\\/historia\\\/\",\"name\":\"Historia - Esmarin\",\"isPartOf\":{\"@id\":\"https:\\\/\\\/www.esmarin.fi\\\/#website\"},\"primaryImageOfPage\":{\"@id\":\"https:\\\/\\\/www.esmarin.fi\\\/fi\\\/historia\\\/#primaryimage\"},\"image\":{\"@id\":\"https:\\\/\\\/www.esmarin.fi\\\/fi\\\/historia\\\/#primaryimage\"},\"thumbnailUrl\":\"https:\\\/\\\/www.esmarin.fi\\\/wp-content\\\/uploads\\\/2020\\\/05\\\/Esmarin-5600.jpg\",\"datePublished\":\"2020-05-30T10:57:05+00:00\",\"breadcrumb\":{\"@id\":\"https:\\\/\\\/www.esmarin.fi\\\/fi\\\/historia\\\/#breadcrumb\"},\"inLanguage\":\"fi\",\"potentialAction\":[{\"@type\":\"ReadAction\",\"target\":[\"https:\\\/\\\/www.esmarin.fi\\\/fi\\\/historia\\\/\"]}]},{\"@type\":\"ImageObject\",\"inLanguage\":\"fi\",\"@id\":\"https:\\\/\\\/www.esmarin.fi\\\/fi\\\/historia\\\/#primaryimage\",\"url\":\"https:\\\/\\\/www.esmarin.fi\\\/wp-content\\\/uploads\\\/2020\\\/05\\\/Esmarin-5600.jpg\",\"contentUrl\":\"https:\\\/\\\/www.esmarin.fi\\\/wp-content\\\/uploads\\\/2020\\\/05\\\/Esmarin-5600.jpg\",\"width\":2048,\"height\":1365},{\"@type\":\"BreadcrumbList\",\"@id\":\"https:\\\/\\\/www.esmarin.fi\\\/fi\\\/historia\\\/#breadcrumb\",\"itemListElement\":[{\"@type\":\"ListItem\",\"position\":1,\"name\":\"Home\",\"item\":\"https:\\\/\\\/www.esmarin.fi\\\/fi\\\/\"},{\"@type\":\"ListItem\",\"position\":2,\"name\":\"Historia\"}]},{\"@type\":\"WebSite\",\"@id\":\"https:\\\/\\\/www.esmarin.fi\\\/#website\",\"url\":\"https:\\\/\\\/www.esmarin.fi\\\/\",\"name\":\"Esmarin\",\"description\":\"Advanced Composite Solutions\",\"publisher\":{\"@id\":\"https:\\\/\\\/www.esmarin.fi\\\/#organization\"},\"potentialAction\":[{\"@type\":\"SearchAction\",\"target\":{\"@type\":\"EntryPoint\",\"urlTemplate\":\"https:\\\/\\\/www.esmarin.fi\\\/?s={search_term_string}\"},\"query-input\":{\"@type\":\"PropertyValueSpecification\",\"valueRequired\":true,\"valueName\":\"search_term_string\"}}],\"inLanguage\":\"fi\"},{\"@type\":\"Organization\",\"@id\":\"https:\\\/\\\/www.esmarin.fi\\\/#organization\",\"name\":\"Oy Esmarin Composites Ltd\",\"url\":\"https:\\\/\\\/www.esmarin.fi\\\/\",\"logo\":{\"@type\":\"ImageObject\",\"inLanguage\":\"fi\",\"@id\":\"https:\\\/\\\/www.esmarin.fi\\\/#\\\/schema\\\/logo\\\/image\\\/\",\"url\":\"https:\\\/\\\/www.esmarin.fi\\\/wp-content\\\/uploads\\\/2020\\\/07\\\/logo.png\",\"contentUrl\":\"https:\\\/\\\/www.esmarin.fi\\\/wp-content\\\/uploads\\\/2020\\\/07\\\/logo.png\",\"width\":307,\"height\":71,\"caption\":\"Oy Esmarin Composites Ltd\"},\"image\":{\"@id\":\"https:\\\/\\\/www.esmarin.fi\\\/#\\\/schema\\\/logo\\\/image\\\/\"}}]}<\/script>\n<!-- \/ Yoast SEO plugin. -->","yoast_head_json":{"title":"Historia - Esmarin","robots":{"index":"index","follow":"follow","max-snippet":"max-snippet:-1","max-image-preview":"max-image-preview:large","max-video-preview":"max-video-preview:-1"},"canonical":"https:\/\/www.esmarin.fi\/fi\/historia\/","og_locale":"fi_FI","og_type":"article","og_title":"Historia - Esmarin","og_description":"Esmarinin historia 1992: Esmarin Oy perustetaan Punkaharjulle Esa Tynkkysen toimesta. Yritys keskittyy aluksi veneiden valmistukseen ja korjaukseen. 1993: Pendolino-junien alapohjien ja sivuluukkujen valmistus...","og_url":"https:\/\/www.esmarin.fi\/fi\/historia\/","og_site_name":"Esmarin","og_image":[{"width":2048,"height":1365,"url":"https:\/\/www.esmarin.fi\/wp-content\/uploads\/2020\/05\/Esmarin-5600.jpg","type":"image\/jpeg"}],"twitter_card":"summary_large_image","twitter_misc":{"Arvioitu lukuaika":"2 minuuttia"},"schema":{"@context":"https:\/\/schema.org","@graph":[{"@type":"WebPage","@id":"https:\/\/www.esmarin.fi\/fi\/historia\/","url":"https:\/\/www.esmarin.fi\/fi\/historia\/","name":"Historia - Esmarin","isPartOf":{"@id":"https:\/\/www.esmarin.fi\/#website"},"primaryImageOfPage":{"@id":"https:\/\/www.esmarin.fi\/fi\/historia\/#primaryimage"},"image":{"@id":"https:\/\/www.esmarin.fi\/fi\/historia\/#primaryimage"},"thumbnailUrl":"https:\/\/www.esmarin.fi\/wp-content\/uploads\/2020\/05\/Esmarin-5600.jpg","datePublished":"2020-05-30T10:57:05+00:00","breadcrumb":{"@id":"https:\/\/www.esmarin.fi\/fi\/historia\/#breadcrumb"},"inLanguage":"fi","potentialAction":[{"@type":"ReadAction","target":["https:\/\/www.esmarin.fi\/fi\/historia\/"]}]},{"@type":"ImageObject","inLanguage":"fi","@id":"https:\/\/www.esmarin.fi\/fi\/historia\/#primaryimage","url":"https:\/\/www.esmarin.fi\/wp-content\/uploads\/2020\/05\/Esmarin-5600.jpg","contentUrl":"https:\/\/www.esmarin.fi\/wp-content\/uploads\/2020\/05\/Esmarin-5600.jpg","width":2048,"height":1365},{"@type":"BreadcrumbList","@id":"https:\/\/www.esmarin.fi\/fi\/historia\/#breadcrumb","itemListElement":[{"@type":"ListItem","position":1,"name":"Home","item":"https:\/\/www.esmarin.fi\/fi\/"},{"@type":"ListItem","position":2,"name":"Historia"}]},{"@type":"WebSite","@id":"https:\/\/www.esmarin.fi\/#website","url":"https:\/\/www.esmarin.fi\/","name":"Esmarin","description":"Advanced Composite Solutions","publisher":{"@id":"https:\/\/www.esmarin.fi\/#organization"},"potentialAction":[{"@type":"SearchAction","target":{"@type":"EntryPoint","urlTemplate":"https:\/\/www.esmarin.fi\/?s={search_term_string}"},"query-input":{"@type":"PropertyValueSpecification","valueRequired":true,"valueName":"search_term_string"}}],"inLanguage":"fi"},{"@type":"Organization","@id":"https:\/\/www.esmarin.fi\/#organization","name":"Oy Esmarin Composites Ltd","url":"https:\/\/www.esmarin.fi\/","logo":{"@type":"ImageObject","inLanguage":"fi","@id":"https:\/\/www.esmarin.fi\/#\/schema\/logo\/image\/","url":"https:\/\/www.esmarin.fi\/wp-content\/uploads\/2020\/07\/logo.png","contentUrl":"https:\/\/www.esmarin.fi\/wp-content\/uploads\/2020\/07\/logo.png","width":307,"height":71,"caption":"Oy Esmarin Composites Ltd"},"image":{"@id":"https:\/\/www.esmarin.fi\/#\/schema\/logo\/image\/"}}]}},"_links":{"self":[{"href":"https:\/\/www.esmarin.fi\/fi\/wp-json\/wp\/v2\/pages\/307","targetHints":{"allow":["GET"]}}],"collection":[{"href":"https:\/\/www.esmarin.fi\/fi\/wp-json\/wp\/v2\/pages"}],"about":[{"href":"https:\/\/www.esmarin.fi\/fi\/wp-json\/wp\/v2\/types\/page"}],"author":[{"embeddable":true,"href":"https:\/\/www.esmarin.fi\/fi\/wp-json\/wp\/v2\/users\/2"}],"replies":[{"embeddable":true,"href":"https:\/\/www.esmarin.fi\/fi\/wp-json\/wp\/v2\/comments?post=307"}],"version-history":[{"count":1,"href":"https:\/\/www.esmarin.fi\/fi\/wp-json\/wp\/v2\/pages\/307\/revisions"}],"predecessor-version":[{"id":308,"href":"https:\/\/www.esmarin.fi\/fi\/wp-json\/wp\/v2\/pages\/307\/revisions\/308"}],"wp:featuredmedia":[{"embeddable":true,"href":"https:\/\/www.esmarin.fi\/fi\/wp-json\/wp\/v2\/media\/305"}],"wp:attachment":[{"href":"https:\/\/www.esmarin.fi\/fi\/wp-json\/wp\/v2\/media?parent=307"}],"curies":[{"name":"wp","href":"https:\/\/api.w.org\/{rel}","templated":true}]}}