{"id":273,"date":"2020-05-30T13:22:16","date_gmt":"2020-05-30T10:22:16","guid":{"rendered":"https:\/\/www.esmarin.fi\/?page_id=273"},"modified":"2021-01-12T09:08:56","modified_gmt":"2021-01-12T07:08:56","slug":"ota-yhteytta","status":"publish","type":"page","link":"https:\/\/www.esmarin.fi\/fi\/ota-yhteytta\/","title":{"rendered":"Ota yhteytt\u00e4"},"content":{"rendered":"<div id=\"pl-273\"  class=\"panel-layout\" ><div id=\"pg-273-0\"  class=\"panel-grid panel-no-style\" ><div id=\"pgc-273-0-0\"  class=\"panel-grid-cell\" ><div id=\"panel-273-0-0-0\" class=\"so-panel widget widget_sow-editor panel-first-child panel-last-child\" data-index=\"0\" ><div\n\t\t\t\n\t\t\tclass=\"so-widget-sow-editor so-widget-sow-editor-base\"\n\t\t\t\n\t\t>\n<div class=\"siteorigin-widget-tinymce textwidget\">\n\t<h1 style=\"text-align: center;\"><strong>Ota yhteytt\u00e4<br \/>\n<\/strong><\/h1>\n<p style=\"text-align: center;\"><strong>Oy Esmarin Composites Ltd<\/strong><\/p>\n<p style=\"text-align: center;\">Satelliittikatu 15<br \/>\n57210 Savonlinna<br \/>\nesmarin(at)esmarin.fi<\/p>\n<p style=\"text-align: center;\">y-tunnus 2252948-2<\/p>\n<p style=\"text-align: center;\">S\u00e4hk\u00f6iset laskut:<br \/>\nVerkkolaskuosoite: 003722529482<br \/>\nOperaattori: Maventa (003721291126)<\/p>\n<p style=\"text-align: center;\">S\u00e4hk\u00f6postilaskun osoite: 22529482@scan.netvisor.fi<\/p>\n<p style=\"text-align: center;\">Postitse:<br \/>\nOy Esmarin Composites Ltd<br \/>\n22529482<br \/>\nPL 100<br \/>\n80020 Kollektor Scan<\/p>\n<\/div>\n<\/div><\/div><\/div><\/div><div id=\"pg-273-1\"  class=\"panel-grid panel-no-style\" ><div id=\"pgc-273-1-0\"  class=\"panel-grid-cell\" ><div id=\"panel-273-1-0-0\" class=\"so-panel widget widget_sow-image panel-first-child\" data-index=\"1\" ><div\n\t\t\t\n\t\t\tclass=\"so-widget-sow-image so-widget-sow-image-default-8b5b6f678277-273\"\n\t\t\t\n\t\t>\n<div class=\"sow-image-container\">\n\t\t<img \n\tsrc=\"https:\/\/www.esmarin.fi\/wp-content\/uploads\/2020\/07\/093A7730-300x200.jpg\" width=\"300\" height=\"200\" srcset=\"https:\/\/www.esmarin.fi\/wp-content\/uploads\/2020\/07\/093A7730-300x200.jpg 300w, https:\/\/www.esmarin.fi\/wp-content\/uploads\/2020\/07\/093A7730-1024x683.jpg 1024w, https:\/\/www.esmarin.fi\/wp-content\/uploads\/2020\/07\/093A7730-768x512.jpg 768w, https:\/\/www.esmarin.fi\/wp-content\/uploads\/2020\/07\/093A7730-1536x1024.jpg 1536w, https:\/\/www.esmarin.fi\/wp-content\/uploads\/2020\/07\/093A7730-1620x1080.jpg 1620w, https:\/\/www.esmarin.fi\/wp-content\/uploads\/2020\/07\/093A7730-272x182.jpg 272w, https:\/\/www.esmarin.fi\/wp-content\/uploads\/2020\/07\/093A7730.jpg 2048w\" sizes=\"(max-width: 300px) 100vw, 300px\" alt=\"\" \t\tclass=\"so-widget-image\"\/>\n\t<\/div>\n\n<\/div><\/div><div id=\"panel-273-1-0-1\" class=\"so-panel widget widget_sow-editor panel-last-child\" data-index=\"2\" ><div\n\t\t\t\n\t\t\tclass=\"so-widget-sow-editor so-widget-sow-editor-base\"\n\t\t\t\n\t\t>\n<div class=\"siteorigin-widget-tinymce textwidget\">\n\t<p><strong>Myynti, tuotanto ja hallinto<\/strong><br \/>\nJonne Tynkkynen<br \/>\nToimitusjohtaja, yritt\u00e4j\u00e4<br \/>\n+358 40 733 5440<\/p>\n<\/div>\n<\/div><\/div><\/div><div id=\"pgc-273-1-1\"  class=\"panel-grid-cell\" ><div id=\"panel-273-1-1-0\" class=\"so-panel widget widget_sow-image panel-first-child\" data-index=\"3\" ><div\n\t\t\t\n\t\t\tclass=\"so-widget-sow-image so-widget-sow-image-default-8b5b6f678277-273\"\n\t\t\t\n\t\t>\n<div class=\"sow-image-container\">\n\t\t<img \n\tsrc=\"https:\/\/www.esmarin.fi\/wp-content\/uploads\/2020\/07\/093A7741-300x200.jpg\" width=\"300\" height=\"200\" srcset=\"https:\/\/www.esmarin.fi\/wp-content\/uploads\/2020\/07\/093A7741-300x200.jpg 300w, https:\/\/www.esmarin.fi\/wp-content\/uploads\/2020\/07\/093A7741-1024x683.jpg 1024w, https:\/\/www.esmarin.fi\/wp-content\/uploads\/2020\/07\/093A7741-768x512.jpg 768w, https:\/\/www.esmarin.fi\/wp-content\/uploads\/2020\/07\/093A7741-1536x1024.jpg 1536w, https:\/\/www.esmarin.fi\/wp-content\/uploads\/2020\/07\/093A7741-1620x1080.jpg 1620w, https:\/\/www.esmarin.fi\/wp-content\/uploads\/2020\/07\/093A7741-272x182.jpg 272w, https:\/\/www.esmarin.fi\/wp-content\/uploads\/2020\/07\/093A7741.jpg 2022w\" sizes=\"(max-width: 300px) 100vw, 300px\" alt=\"\" \t\tclass=\"so-widget-image\"\/>\n\t<\/div>\n\n<\/div><\/div><div id=\"panel-273-1-1-1\" class=\"so-panel widget widget_sow-editor panel-last-child\" data-index=\"4\" ><div\n\t\t\t\n\t\t\tclass=\"so-widget-sow-editor so-widget-sow-editor-base\"\n\t\t\t\n\t\t>\n<div class=\"siteorigin-widget-tinymce textwidget\">\n\t<p><strong>Myynti ja laatu<\/strong><br \/>\nJere Tynkkynen<br \/>\nMyynti- ja laatup\u00e4\u00e4llikk\u00f6, yritt\u00e4j\u00e4<br \/>\n+ 358 40 845 2102<\/p>\n<\/div>\n<\/div><\/div><\/div><\/div><div id=\"pg-273-2\"  class=\"panel-grid panel-no-style\" ><div id=\"pgc-273-2-0\"  class=\"panel-grid-cell\" ><div id=\"panel-273-2-0-0\" class=\"so-panel widget widget_sow-image panel-first-child\" data-index=\"5\" ><div\n\t\t\t\n\t\t\tclass=\"so-widget-sow-image so-widget-sow-image-default-8b5b6f678277-273\"\n\t\t\t\n\t\t>\n<div class=\"sow-image-container\">\n\t\t<img \n\tsrc=\"https:\/\/www.esmarin.fi\/wp-content\/uploads\/2020\/07\/093A7725-300x200.jpg\" width=\"300\" height=\"200\" srcset=\"https:\/\/www.esmarin.fi\/wp-content\/uploads\/2020\/07\/093A7725-300x200.jpg 300w, https:\/\/www.esmarin.fi\/wp-content\/uploads\/2020\/07\/093A7725-1024x682.jpg 1024w, https:\/\/www.esmarin.fi\/wp-content\/uploads\/2020\/07\/093A7725-768x512.jpg 768w, https:\/\/www.esmarin.fi\/wp-content\/uploads\/2020\/07\/093A7725-1536x1023.jpg 1536w, https:\/\/www.esmarin.fi\/wp-content\/uploads\/2020\/07\/093A7725-1621x1080.jpg 1621w, https:\/\/www.esmarin.fi\/wp-content\/uploads\/2020\/07\/093A7725-272x182.jpg 272w, https:\/\/www.esmarin.fi\/wp-content\/uploads\/2020\/07\/093A7725.jpg 1809w\" sizes=\"(max-width: 300px) 100vw, 300px\" alt=\"\" \t\tclass=\"so-widget-image\"\/>\n\t<\/div>\n\n<\/div><\/div><div id=\"panel-273-2-0-1\" class=\"so-panel widget widget_sow-editor panel-last-child\" data-index=\"6\" ><div\n\t\t\t\n\t\t\tclass=\"so-widget-sow-editor so-widget-sow-editor-base\"\n\t\t\t\n\t\t>\n<div class=\"siteorigin-widget-tinymce textwidget\">\n\t<p><strong>Tuotanto<\/strong><br \/>\nIlkka Ovaska<br \/>\nTuotantoinsin\u00f6\u00f6ri<br \/>\n+ 358 40 158 9090<\/p>\n<\/div>\n<\/div><\/div><\/div><div id=\"pgc-273-2-1\"  class=\"panel-grid-cell\" ><div id=\"panel-273-2-1-0\" class=\"so-panel widget widget_sow-image panel-first-child\" data-index=\"7\" ><div\n\t\t\t\n\t\t\tclass=\"so-widget-sow-image so-widget-sow-image-default-8b5b6f678277-273\"\n\t\t\t\n\t\t>\n<div class=\"sow-image-container\">\n\t\t<img \n\tsrc=\"https:\/\/www.esmarin.fi\/wp-content\/uploads\/2020\/07\/093A7719-300x200.jpg\" width=\"300\" height=\"200\" srcset=\"https:\/\/www.esmarin.fi\/wp-content\/uploads\/2020\/07\/093A7719-300x200.jpg 300w, https:\/\/www.esmarin.fi\/wp-content\/uploads\/2020\/07\/093A7719-1024x683.jpg 1024w, https:\/\/www.esmarin.fi\/wp-content\/uploads\/2020\/07\/093A7719-768x512.jpg 768w, https:\/\/www.esmarin.fi\/wp-content\/uploads\/2020\/07\/093A7719-1536x1024.jpg 1536w, https:\/\/www.esmarin.fi\/wp-content\/uploads\/2020\/07\/093A7719-1620x1080.jpg 1620w, https:\/\/www.esmarin.fi\/wp-content\/uploads\/2020\/07\/093A7719-272x182.jpg 272w, https:\/\/www.esmarin.fi\/wp-content\/uploads\/2020\/07\/093A7719.jpg 2048w\" sizes=\"(max-width: 300px) 100vw, 300px\" alt=\"\" \t\tclass=\"so-widget-image\"\/>\n\t<\/div>\n\n<\/div><\/div><div id=\"panel-273-2-1-1\" class=\"so-panel widget widget_sow-editor panel-last-child\" data-index=\"8\" ><div\n\t\t\t\n\t\t\tclass=\"so-widget-sow-editor so-widget-sow-editor-base\"\n\t\t\t\n\t\t>\n<div class=\"siteorigin-widget-tinymce textwidget\">\n\t<p><strong>Tuotekehitys ja hallinto<\/strong><br \/>\nEsa Tynkkynen<br \/>\nYritt\u00e4j\u00e4, hallituksen puheenjohtaja, tuotekehitysjohtaja<br \/>\n+358 40 065 3082<\/p>\n<\/div>\n<\/div><\/div><\/div><\/div><div id=\"pg-273-3\"  class=\"panel-grid panel-no-style\" ><div id=\"pgc-273-3-0\"  class=\"panel-grid-cell\" ><div id=\"panel-273-3-0-0\" class=\"so-panel widget widget_sow-editor panel-first-child panel-last-child\" data-index=\"9\" ><div\n\t\t\t\n\t\t\tclass=\"so-widget-sow-editor so-widget-sow-editor-base\"\n\t\t\t\n\t\t>\n<div class=\"siteorigin-widget-tinymce textwidget\">\n\t<p style=\"text-align: center;\">S\u00e4hk\u00f6postit muotoa etunimi.sukunimi@esmarin.fi<\/p>\n<\/div>\n<\/div><\/div><\/div><\/div><\/div>","protected":false},"excerpt":{"rendered":"<p>Ota yhteytt\u00e4 Oy Esmarin Composites Ltd Satelliittikatu 15 57210 Savonlinna esmarin(at)esmarin.fi y-tunnus 2252948-2 S\u00e4hk\u00f6iset laskut: Verkkolaskuosoite: 003722529482 Operaattori: Maventa (003721291126) S\u00e4hk\u00f6postilaskun osoite: 22529482@scan.netvisor.fi&#8230;<\/p>\n","protected":false},"author":2,"featured_media":443,"parent":0,"menu_order":0,"comment_status":"closed","ping_status":"closed","template":"","meta":{"footnotes":""},"class_list":["post-273","page","type-page","status-publish","has-post-thumbnail","hentry"],"yoast_head":"<!-- This site is optimized with the Yoast SEO plugin v27.4 - https:\/\/yoast.com\/product\/yoast-seo-wordpress\/ -->\n<title>Ota yhteytt\u00e4 - Esmarin<\/title>\n<meta name=\"robots\" content=\"index, follow, max-snippet:-1, max-image-preview:large, max-video-preview:-1\" \/>\n<link rel=\"canonical\" href=\"https:\/\/www.esmarin.fi\/fi\/ota-yhteytta\/\" \/>\n<meta property=\"og:locale\" content=\"fi_FI\" \/>\n<meta property=\"og:type\" content=\"article\" \/>\n<meta property=\"og:title\" content=\"Ota yhteytt\u00e4 - Esmarin\" \/>\n<meta property=\"og:description\" content=\"Ota yhteytt\u00e4 Oy Esmarin Composites Ltd Satelliittikatu 15 57210 Savonlinna esmarin(at)esmarin.fi y-tunnus 2252948-2 S\u00e4hk\u00f6iset laskut: Verkkolaskuosoite: 003722529482 Operaattori: Maventa (003721291126) S\u00e4hk\u00f6postilaskun osoite: 22529482@scan.netvisor.fi...\" \/>\n<meta property=\"og:url\" content=\"https:\/\/www.esmarin.fi\/fi\/ota-yhteytta\/\" \/>\n<meta property=\"og:site_name\" content=\"Esmarin\" \/>\n<meta property=\"article:modified_time\" content=\"2021-01-12T07:08:56+00:00\" \/>\n<meta property=\"og:image\" content=\"https:\/\/www.esmarin.fi\/wp-content\/uploads\/2020\/07\/093A7759.jpg\" \/>\n\t<meta property=\"og:image:width\" content=\"2048\" \/>\n\t<meta property=\"og:image:height\" content=\"1365\" \/>\n\t<meta property=\"og:image:type\" content=\"image\/jpeg\" \/>\n<meta name=\"twitter:card\" content=\"summary_large_image\" \/>\n<meta name=\"twitter:label1\" content=\"Arvioitu lukuaika\" \/>\n\t<meta name=\"twitter:data1\" content=\"1 minuutti\" \/>\n<script type=\"application\/ld+json\" class=\"yoast-schema-graph\">{\"@context\":\"https:\\\/\\\/schema.org\",\"@graph\":[{\"@type\":\"WebPage\",\"@id\":\"https:\\\/\\\/www.esmarin.fi\\\/fi\\\/ota-yhteytta\\\/\",\"url\":\"https:\\\/\\\/www.esmarin.fi\\\/fi\\\/ota-yhteytta\\\/\",\"name\":\"Ota yhteytt\u00e4 - Esmarin\",\"isPartOf\":{\"@id\":\"https:\\\/\\\/www.esmarin.fi\\\/#website\"},\"primaryImageOfPage\":{\"@id\":\"https:\\\/\\\/www.esmarin.fi\\\/fi\\\/ota-yhteytta\\\/#primaryimage\"},\"image\":{\"@id\":\"https:\\\/\\\/www.esmarin.fi\\\/fi\\\/ota-yhteytta\\\/#primaryimage\"},\"thumbnailUrl\":\"https:\\\/\\\/www.esmarin.fi\\\/wp-content\\\/uploads\\\/2020\\\/07\\\/093A7759.jpg\",\"datePublished\":\"2020-05-30T10:22:16+00:00\",\"dateModified\":\"2021-01-12T07:08:56+00:00\",\"breadcrumb\":{\"@id\":\"https:\\\/\\\/www.esmarin.fi\\\/fi\\\/ota-yhteytta\\\/#breadcrumb\"},\"inLanguage\":\"fi\",\"potentialAction\":[{\"@type\":\"ReadAction\",\"target\":[\"https:\\\/\\\/www.esmarin.fi\\\/fi\\\/ota-yhteytta\\\/\"]}]},{\"@type\":\"ImageObject\",\"inLanguage\":\"fi\",\"@id\":\"https:\\\/\\\/www.esmarin.fi\\\/fi\\\/ota-yhteytta\\\/#primaryimage\",\"url\":\"https:\\\/\\\/www.esmarin.fi\\\/wp-content\\\/uploads\\\/2020\\\/07\\\/093A7759.jpg\",\"contentUrl\":\"https:\\\/\\\/www.esmarin.fi\\\/wp-content\\\/uploads\\\/2020\\\/07\\\/093A7759.jpg\",\"width\":2048,\"height\":1365},{\"@type\":\"BreadcrumbList\",\"@id\":\"https:\\\/\\\/www.esmarin.fi\\\/fi\\\/ota-yhteytta\\\/#breadcrumb\",\"itemListElement\":[{\"@type\":\"ListItem\",\"position\":1,\"name\":\"Home\",\"item\":\"https:\\\/\\\/www.esmarin.fi\\\/fi\\\/\"},{\"@type\":\"ListItem\",\"position\":2,\"name\":\"Ota yhteytt\u00e4\"}]},{\"@type\":\"WebSite\",\"@id\":\"https:\\\/\\\/www.esmarin.fi\\\/#website\",\"url\":\"https:\\\/\\\/www.esmarin.fi\\\/\",\"name\":\"Esmarin\",\"description\":\"Advanced Composite Solutions\",\"publisher\":{\"@id\":\"https:\\\/\\\/www.esmarin.fi\\\/#organization\"},\"potentialAction\":[{\"@type\":\"SearchAction\",\"target\":{\"@type\":\"EntryPoint\",\"urlTemplate\":\"https:\\\/\\\/www.esmarin.fi\\\/?s={search_term_string}\"},\"query-input\":{\"@type\":\"PropertyValueSpecification\",\"valueRequired\":true,\"valueName\":\"search_term_string\"}}],\"inLanguage\":\"fi\"},{\"@type\":\"Organization\",\"@id\":\"https:\\\/\\\/www.esmarin.fi\\\/#organization\",\"name\":\"Oy Esmarin Composites Ltd\",\"url\":\"https:\\\/\\\/www.esmarin.fi\\\/\",\"logo\":{\"@type\":\"ImageObject\",\"inLanguage\":\"fi\",\"@id\":\"https:\\\/\\\/www.esmarin.fi\\\/#\\\/schema\\\/logo\\\/image\\\/\",\"url\":\"https:\\\/\\\/www.esmarin.fi\\\/wp-content\\\/uploads\\\/2020\\\/07\\\/logo.png\",\"contentUrl\":\"https:\\\/\\\/www.esmarin.fi\\\/wp-content\\\/uploads\\\/2020\\\/07\\\/logo.png\",\"width\":307,\"height\":71,\"caption\":\"Oy Esmarin Composites Ltd\"},\"image\":{\"@id\":\"https:\\\/\\\/www.esmarin.fi\\\/#\\\/schema\\\/logo\\\/image\\\/\"}}]}<\/script>\n<!-- \/ Yoast SEO plugin. -->","yoast_head_json":{"title":"Ota yhteytt\u00e4 - Esmarin","robots":{"index":"index","follow":"follow","max-snippet":"max-snippet:-1","max-image-preview":"max-image-preview:large","max-video-preview":"max-video-preview:-1"},"canonical":"https:\/\/www.esmarin.fi\/fi\/ota-yhteytta\/","og_locale":"fi_FI","og_type":"article","og_title":"Ota yhteytt\u00e4 - Esmarin","og_description":"Ota yhteytt\u00e4 Oy Esmarin Composites Ltd Satelliittikatu 15 57210 Savonlinna esmarin(at)esmarin.fi y-tunnus 2252948-2 S\u00e4hk\u00f6iset laskut: Verkkolaskuosoite: 003722529482 Operaattori: Maventa (003721291126) S\u00e4hk\u00f6postilaskun osoite: 22529482@scan.netvisor.fi...","og_url":"https:\/\/www.esmarin.fi\/fi\/ota-yhteytta\/","og_site_name":"Esmarin","article_modified_time":"2021-01-12T07:08:56+00:00","og_image":[{"width":2048,"height":1365,"url":"https:\/\/www.esmarin.fi\/wp-content\/uploads\/2020\/07\/093A7759.jpg","type":"image\/jpeg"}],"twitter_card":"summary_large_image","twitter_misc":{"Arvioitu lukuaika":"1 minuutti"},"schema":{"@context":"https:\/\/schema.org","@graph":[{"@type":"WebPage","@id":"https:\/\/www.esmarin.fi\/fi\/ota-yhteytta\/","url":"https:\/\/www.esmarin.fi\/fi\/ota-yhteytta\/","name":"Ota yhteytt\u00e4 - Esmarin","isPartOf":{"@id":"https:\/\/www.esmarin.fi\/#website"},"primaryImageOfPage":{"@id":"https:\/\/www.esmarin.fi\/fi\/ota-yhteytta\/#primaryimage"},"image":{"@id":"https:\/\/www.esmarin.fi\/fi\/ota-yhteytta\/#primaryimage"},"thumbnailUrl":"https:\/\/www.esmarin.fi\/wp-content\/uploads\/2020\/07\/093A7759.jpg","datePublished":"2020-05-30T10:22:16+00:00","dateModified":"2021-01-12T07:08:56+00:00","breadcrumb":{"@id":"https:\/\/www.esmarin.fi\/fi\/ota-yhteytta\/#breadcrumb"},"inLanguage":"fi","potentialAction":[{"@type":"ReadAction","target":["https:\/\/www.esmarin.fi\/fi\/ota-yhteytta\/"]}]},{"@type":"ImageObject","inLanguage":"fi","@id":"https:\/\/www.esmarin.fi\/fi\/ota-yhteytta\/#primaryimage","url":"https:\/\/www.esmarin.fi\/wp-content\/uploads\/2020\/07\/093A7759.jpg","contentUrl":"https:\/\/www.esmarin.fi\/wp-content\/uploads\/2020\/07\/093A7759.jpg","width":2048,"height":1365},{"@type":"BreadcrumbList","@id":"https:\/\/www.esmarin.fi\/fi\/ota-yhteytta\/#breadcrumb","itemListElement":[{"@type":"ListItem","position":1,"name":"Home","item":"https:\/\/www.esmarin.fi\/fi\/"},{"@type":"ListItem","position":2,"name":"Ota yhteytt\u00e4"}]},{"@type":"WebSite","@id":"https:\/\/www.esmarin.fi\/#website","url":"https:\/\/www.esmarin.fi\/","name":"Esmarin","description":"Advanced Composite Solutions","publisher":{"@id":"https:\/\/www.esmarin.fi\/#organization"},"potentialAction":[{"@type":"SearchAction","target":{"@type":"EntryPoint","urlTemplate":"https:\/\/www.esmarin.fi\/?s={search_term_string}"},"query-input":{"@type":"PropertyValueSpecification","valueRequired":true,"valueName":"search_term_string"}}],"inLanguage":"fi"},{"@type":"Organization","@id":"https:\/\/www.esmarin.fi\/#organization","name":"Oy Esmarin Composites Ltd","url":"https:\/\/www.esmarin.fi\/","logo":{"@type":"ImageObject","inLanguage":"fi","@id":"https:\/\/www.esmarin.fi\/#\/schema\/logo\/image\/","url":"https:\/\/www.esmarin.fi\/wp-content\/uploads\/2020\/07\/logo.png","contentUrl":"https:\/\/www.esmarin.fi\/wp-content\/uploads\/2020\/07\/logo.png","width":307,"height":71,"caption":"Oy Esmarin Composites Ltd"},"image":{"@id":"https:\/\/www.esmarin.fi\/#\/schema\/logo\/image\/"}}]}},"_links":{"self":[{"href":"https:\/\/www.esmarin.fi\/fi\/wp-json\/wp\/v2\/pages\/273","targetHints":{"allow":["GET"]}}],"collection":[{"href":"https:\/\/www.esmarin.fi\/fi\/wp-json\/wp\/v2\/pages"}],"about":[{"href":"https:\/\/www.esmarin.fi\/fi\/wp-json\/wp\/v2\/types\/page"}],"author":[{"embeddable":true,"href":"https:\/\/www.esmarin.fi\/fi\/wp-json\/wp\/v2\/users\/2"}],"replies":[{"embeddable":true,"href":"https:\/\/www.esmarin.fi\/fi\/wp-json\/wp\/v2\/comments?post=273"}],"version-history":[{"count":17,"href":"https:\/\/www.esmarin.fi\/fi\/wp-json\/wp\/v2\/pages\/273\/revisions"}],"predecessor-version":[{"id":518,"href":"https:\/\/www.esmarin.fi\/fi\/wp-json\/wp\/v2\/pages\/273\/revisions\/518"}],"wp:featuredmedia":[{"embeddable":true,"href":"https:\/\/www.esmarin.fi\/fi\/wp-json\/wp\/v2\/media\/443"}],"wp:attachment":[{"href":"https:\/\/www.esmarin.fi\/fi\/wp-json\/wp\/v2\/media?parent=273"}],"curies":[{"name":"wp","href":"https:\/\/api.w.org\/{rel}","templated":true}]}}