{"id":201,"date":"2020-05-29T14:44:38","date_gmt":"2020-05-29T11:44:38","guid":{"rendered":"https:\/\/www.esmarin.fi\/?page_id=201"},"modified":"2020-06-09T09:06:24","modified_gmt":"2020-06-09T06:06:24","slug":"asiakkaat","status":"publish","type":"page","link":"https:\/\/www.esmarin.fi\/fi\/asiakkaat\/","title":{"rendered":"Asiakkaat"},"content":{"rendered":"<h1 style=\"text-align: center;\">Asiakkaat<\/h1>\n<p class=\"lead\">Tutustu referensseihimme!<\/p>\n<p>&nbsp;<\/p>\n        \n        <div class=\"dg-all-testimonials\">\n\n        \n            <div class=\"mb-4\">\n                <section class=\"dg-quote-full\">\n\n    <div class=\"container\">\n\n        <div class=\"row align-items-center\">\n            \n            <div class=\"col-12 col-lg-6 mb-4 mb-lg-0\">\n                \n                <div class=\"testimonial-entry\">\n\n    <div class=\"testimonial-text\">\"Olemme joustava ja kokenut kumppani, joka pystyy vastaamaan asiakkaidemme kaikkiin tarpeisiin.\"<\/div>\n\n    <div class=\"info\">\n        \n        \n        \n        \n    <\/div><!-- \/.info -->    \n\n<\/div><!-- \/.testimonial-entry -->\n            <\/div><!-- \/.col -->\n            \n            <div class=\"col-12 col-lg-6\">\n                \n                <div class=\"content\">\n                    <p>Yrityksemme perustamisesta l\u00e4htien vuonna 1992, olemme toimineet j\u00e4rjestelm\u00e4toimittajana eri toimialoille. Hy\u00f6dynn\u00e4mme eri toimialoilta saatua kokemusta uusissa tuotekehitysprojekteissamme.<\/p>\n<p>Asiakkaamme ty\u00f6skentelev\u00e4t mielell\u00e4\u00e4n kanssamme &#8211; merkkin\u00e4 siit\u00e4, meill\u00e4 on monia pitki\u00e4 asiakassuhteita. <a href=\"https:\/\/www.esmarin.fi\/fi\/historia\/\">Tutustu historiaan \u00bb<\/a><\/p>\n                <\/div>\n            \n            <\/div><!-- \/.col -->\n\n        <\/div><!-- \/.row -->\n\n    <\/div><!-- \/.div -->    \n\n<\/section><!-- \/.dg-quote-full -->            <\/div>\n\n        \n            <div class=\"mb-4\">\n                <section class=\"dg-quote-full\">\n\n    <div class=\"container\">\n\n        <div class=\"row align-items-center\">\n            \n            <div class=\"col-12 col-lg-6 mb-4 mb-lg-0\">\n                \n                <div class=\"testimonial-entry\">\n\n    <div class=\"testimonial-text\">\"We are a flexible and experienced partner who is able to respond to all needs of our clients.\"<\/div>\n\n    <div class=\"info\">\n        \n        \n        \n        \n    <\/div><!-- \/.info -->    \n\n<\/div><!-- \/.testimonial-entry -->\n            <\/div><!-- \/.col -->\n            \n            <div class=\"col-12 col-lg-6\">\n                \n                <div class=\"content\">\n                    <p>Since the establishment of our company in 1992, we have been operating as a system supplier for various industries. We utilize the experience gained from various industries in our new product development projects.<\/p>\n<p>Our clients are happy to work with us &#8211; and a sign of this we have many long customer relationships. <a href=\"https:\/\/www.esmarin.fi\/history\/\">Get to know our history \u00bb<\/a><\/p>\n                <\/div>\n            \n            <\/div><!-- \/.col -->\n\n        <\/div><!-- \/.row -->\n\n    <\/div><!-- \/.div -->    \n\n<\/section><!-- \/.dg-quote-full -->            <\/div>\n\n        \n        <\/div><!-- \/.dg-all-testimonials -->\n    \n    \n","protected":false},"excerpt":{"rendered":"<p>Asiakkaat Tutustu referensseihimme! &nbsp;<\/p>\n","protected":false},"author":2,"featured_media":382,"parent":0,"menu_order":0,"comment_status":"closed","ping_status":"closed","template":"template-page-normal-content.php","meta":{"footnotes":""},"class_list":["post-201","page","type-page","status-publish","has-post-thumbnail","hentry"],"yoast_head":"<!-- This site is optimized with the Yoast SEO plugin v27.5 - https:\/\/yoast.com\/product\/yoast-seo-wordpress\/ -->\n<title>Asiakkaat - Esmarin<\/title>\n<meta name=\"robots\" content=\"index, follow, max-snippet:-1, max-image-preview:large, max-video-preview:-1\" \/>\n<link rel=\"canonical\" href=\"https:\/\/www.esmarin.fi\/fi\/asiakkaat\/\" \/>\n<meta property=\"og:locale\" content=\"fi_FI\" \/>\n<meta property=\"og:type\" content=\"article\" \/>\n<meta property=\"og:title\" content=\"Asiakkaat - Esmarin\" \/>\n<meta property=\"og:description\" content=\"Asiakkaat Tutustu referensseihimme! &nbsp;\" \/>\n<meta property=\"og:url\" content=\"https:\/\/www.esmarin.fi\/fi\/asiakkaat\/\" \/>\n<meta property=\"og:site_name\" content=\"Esmarin\" \/>\n<meta property=\"article:modified_time\" content=\"2020-06-09T06:06:24+00:00\" \/>\n<meta property=\"og:image\" content=\"https:\/\/www.esmarin.fi\/wp-content\/uploads\/2020\/06\/HKL-uusi-raitiovaunu-high-res-5-2-1024x546.jpg\" \/>\n\t<meta property=\"og:image:width\" content=\"1024\" \/>\n\t<meta property=\"og:image:height\" content=\"546\" \/>\n\t<meta property=\"og:image:type\" content=\"image\/jpeg\" \/>\n<meta name=\"twitter:card\" content=\"summary_large_image\" \/>\n<script type=\"application\/ld+json\" class=\"yoast-schema-graph\">{\"@context\":\"https:\\\/\\\/schema.org\",\"@graph\":[{\"@type\":\"WebPage\",\"@id\":\"https:\\\/\\\/www.esmarin.fi\\\/fi\\\/asiakkaat\\\/\",\"url\":\"https:\\\/\\\/www.esmarin.fi\\\/fi\\\/asiakkaat\\\/\",\"name\":\"Asiakkaat - Esmarin\",\"isPartOf\":{\"@id\":\"https:\\\/\\\/www.esmarin.fi\\\/#website\"},\"primaryImageOfPage\":{\"@id\":\"https:\\\/\\\/www.esmarin.fi\\\/fi\\\/asiakkaat\\\/#primaryimage\"},\"image\":{\"@id\":\"https:\\\/\\\/www.esmarin.fi\\\/fi\\\/asiakkaat\\\/#primaryimage\"},\"thumbnailUrl\":\"https:\\\/\\\/www.esmarin.fi\\\/wp-content\\\/uploads\\\/2020\\\/06\\\/HKL-uusi-raitiovaunu-high-res-5-2.jpg\",\"datePublished\":\"2020-05-29T11:44:38+00:00\",\"dateModified\":\"2020-06-09T06:06:24+00:00\",\"breadcrumb\":{\"@id\":\"https:\\\/\\\/www.esmarin.fi\\\/fi\\\/asiakkaat\\\/#breadcrumb\"},\"inLanguage\":\"fi\",\"potentialAction\":[{\"@type\":\"ReadAction\",\"target\":[\"https:\\\/\\\/www.esmarin.fi\\\/fi\\\/asiakkaat\\\/\"]}]},{\"@type\":\"ImageObject\",\"inLanguage\":\"fi\",\"@id\":\"https:\\\/\\\/www.esmarin.fi\\\/fi\\\/asiakkaat\\\/#primaryimage\",\"url\":\"https:\\\/\\\/www.esmarin.fi\\\/wp-content\\\/uploads\\\/2020\\\/06\\\/HKL-uusi-raitiovaunu-high-res-5-2.jpg\",\"contentUrl\":\"https:\\\/\\\/www.esmarin.fi\\\/wp-content\\\/uploads\\\/2020\\\/06\\\/HKL-uusi-raitiovaunu-high-res-5-2.jpg\",\"width\":2048,\"height\":1092},{\"@type\":\"BreadcrumbList\",\"@id\":\"https:\\\/\\\/www.esmarin.fi\\\/fi\\\/asiakkaat\\\/#breadcrumb\",\"itemListElement\":[{\"@type\":\"ListItem\",\"position\":1,\"name\":\"Home\",\"item\":\"https:\\\/\\\/www.esmarin.fi\\\/fi\\\/\"},{\"@type\":\"ListItem\",\"position\":2,\"name\":\"Asiakkaat\"}]},{\"@type\":\"WebSite\",\"@id\":\"https:\\\/\\\/www.esmarin.fi\\\/#website\",\"url\":\"https:\\\/\\\/www.esmarin.fi\\\/\",\"name\":\"Esmarin\",\"description\":\"Advanced Composite Solutions\",\"publisher\":{\"@id\":\"https:\\\/\\\/www.esmarin.fi\\\/#organization\"},\"potentialAction\":[{\"@type\":\"SearchAction\",\"target\":{\"@type\":\"EntryPoint\",\"urlTemplate\":\"https:\\\/\\\/www.esmarin.fi\\\/?s={search_term_string}\"},\"query-input\":{\"@type\":\"PropertyValueSpecification\",\"valueRequired\":true,\"valueName\":\"search_term_string\"}}],\"inLanguage\":\"fi\"},{\"@type\":\"Organization\",\"@id\":\"https:\\\/\\\/www.esmarin.fi\\\/#organization\",\"name\":\"Oy Esmarin Composites Ltd\",\"url\":\"https:\\\/\\\/www.esmarin.fi\\\/\",\"logo\":{\"@type\":\"ImageObject\",\"inLanguage\":\"fi\",\"@id\":\"https:\\\/\\\/www.esmarin.fi\\\/#\\\/schema\\\/logo\\\/image\\\/\",\"url\":\"https:\\\/\\\/www.esmarin.fi\\\/wp-content\\\/uploads\\\/2020\\\/07\\\/logo.png\",\"contentUrl\":\"https:\\\/\\\/www.esmarin.fi\\\/wp-content\\\/uploads\\\/2020\\\/07\\\/logo.png\",\"width\":307,\"height\":71,\"caption\":\"Oy Esmarin Composites Ltd\"},\"image\":{\"@id\":\"https:\\\/\\\/www.esmarin.fi\\\/#\\\/schema\\\/logo\\\/image\\\/\"}}]}<\/script>\n<!-- \/ Yoast SEO plugin. -->","yoast_head_json":{"title":"Asiakkaat - Esmarin","robots":{"index":"index","follow":"follow","max-snippet":"max-snippet:-1","max-image-preview":"max-image-preview:large","max-video-preview":"max-video-preview:-1"},"canonical":"https:\/\/www.esmarin.fi\/fi\/asiakkaat\/","og_locale":"fi_FI","og_type":"article","og_title":"Asiakkaat - Esmarin","og_description":"Asiakkaat Tutustu referensseihimme! &nbsp;","og_url":"https:\/\/www.esmarin.fi\/fi\/asiakkaat\/","og_site_name":"Esmarin","article_modified_time":"2020-06-09T06:06:24+00:00","og_image":[{"width":1024,"height":546,"url":"https:\/\/www.esmarin.fi\/wp-content\/uploads\/2020\/06\/HKL-uusi-raitiovaunu-high-res-5-2-1024x546.jpg","type":"image\/jpeg"}],"twitter_card":"summary_large_image","schema":{"@context":"https:\/\/schema.org","@graph":[{"@type":"WebPage","@id":"https:\/\/www.esmarin.fi\/fi\/asiakkaat\/","url":"https:\/\/www.esmarin.fi\/fi\/asiakkaat\/","name":"Asiakkaat - Esmarin","isPartOf":{"@id":"https:\/\/www.esmarin.fi\/#website"},"primaryImageOfPage":{"@id":"https:\/\/www.esmarin.fi\/fi\/asiakkaat\/#primaryimage"},"image":{"@id":"https:\/\/www.esmarin.fi\/fi\/asiakkaat\/#primaryimage"},"thumbnailUrl":"https:\/\/www.esmarin.fi\/wp-content\/uploads\/2020\/06\/HKL-uusi-raitiovaunu-high-res-5-2.jpg","datePublished":"2020-05-29T11:44:38+00:00","dateModified":"2020-06-09T06:06:24+00:00","breadcrumb":{"@id":"https:\/\/www.esmarin.fi\/fi\/asiakkaat\/#breadcrumb"},"inLanguage":"fi","potentialAction":[{"@type":"ReadAction","target":["https:\/\/www.esmarin.fi\/fi\/asiakkaat\/"]}]},{"@type":"ImageObject","inLanguage":"fi","@id":"https:\/\/www.esmarin.fi\/fi\/asiakkaat\/#primaryimage","url":"https:\/\/www.esmarin.fi\/wp-content\/uploads\/2020\/06\/HKL-uusi-raitiovaunu-high-res-5-2.jpg","contentUrl":"https:\/\/www.esmarin.fi\/wp-content\/uploads\/2020\/06\/HKL-uusi-raitiovaunu-high-res-5-2.jpg","width":2048,"height":1092},{"@type":"BreadcrumbList","@id":"https:\/\/www.esmarin.fi\/fi\/asiakkaat\/#breadcrumb","itemListElement":[{"@type":"ListItem","position":1,"name":"Home","item":"https:\/\/www.esmarin.fi\/fi\/"},{"@type":"ListItem","position":2,"name":"Asiakkaat"}]},{"@type":"WebSite","@id":"https:\/\/www.esmarin.fi\/#website","url":"https:\/\/www.esmarin.fi\/","name":"Esmarin","description":"Advanced Composite Solutions","publisher":{"@id":"https:\/\/www.esmarin.fi\/#organization"},"potentialAction":[{"@type":"SearchAction","target":{"@type":"EntryPoint","urlTemplate":"https:\/\/www.esmarin.fi\/?s={search_term_string}"},"query-input":{"@type":"PropertyValueSpecification","valueRequired":true,"valueName":"search_term_string"}}],"inLanguage":"fi"},{"@type":"Organization","@id":"https:\/\/www.esmarin.fi\/#organization","name":"Oy Esmarin Composites Ltd","url":"https:\/\/www.esmarin.fi\/","logo":{"@type":"ImageObject","inLanguage":"fi","@id":"https:\/\/www.esmarin.fi\/#\/schema\/logo\/image\/","url":"https:\/\/www.esmarin.fi\/wp-content\/uploads\/2020\/07\/logo.png","contentUrl":"https:\/\/www.esmarin.fi\/wp-content\/uploads\/2020\/07\/logo.png","width":307,"height":71,"caption":"Oy Esmarin Composites Ltd"},"image":{"@id":"https:\/\/www.esmarin.fi\/#\/schema\/logo\/image\/"}}]}},"_links":{"self":[{"href":"https:\/\/www.esmarin.fi\/fi\/wp-json\/wp\/v2\/pages\/201","targetHints":{"allow":["GET"]}}],"collection":[{"href":"https:\/\/www.esmarin.fi\/fi\/wp-json\/wp\/v2\/pages"}],"about":[{"href":"https:\/\/www.esmarin.fi\/fi\/wp-json\/wp\/v2\/types\/page"}],"author":[{"embeddable":true,"href":"https:\/\/www.esmarin.fi\/fi\/wp-json\/wp\/v2\/users\/2"}],"replies":[{"embeddable":true,"href":"https:\/\/www.esmarin.fi\/fi\/wp-json\/wp\/v2\/comments?post=201"}],"version-history":[{"count":2,"href":"https:\/\/www.esmarin.fi\/fi\/wp-json\/wp\/v2\/pages\/201\/revisions"}],"predecessor-version":[{"id":377,"href":"https:\/\/www.esmarin.fi\/fi\/wp-json\/wp\/v2\/pages\/201\/revisions\/377"}],"wp:featuredmedia":[{"embeddable":true,"href":"https:\/\/www.esmarin.fi\/fi\/wp-json\/wp\/v2\/media\/382"}],"wp:attachment":[{"href":"https:\/\/www.esmarin.fi\/fi\/wp-json\/wp\/v2\/media?parent=201"}],"curies":[{"name":"wp","href":"https:\/\/api.w.org\/{rel}","templated":true}]}}