{"id":195,"date":"2020-05-29T14:29:00","date_gmt":"2020-05-29T11:29:00","guid":{"rendered":"https:\/\/www.esmarin.fi\/?page_id=195"},"modified":"2020-07-16T13:28:31","modified_gmt":"2020-07-16T10:28:31","slug":"marine","status":"publish","type":"page","link":"https:\/\/www.esmarin.fi\/fi\/marine\/","title":{"rendered":"Marine"},"content":{"rendered":"<div id=\"pl-195\"  class=\"panel-layout\" ><div id=\"pg-195-0\"  class=\"panel-grid panel-has-style\" ><div class=\"pb-5 panel-row-style panel-row-style-for-195-0\" ><div id=\"pgc-195-0-0\"  class=\"panel-grid-cell\" ><div id=\"panel-195-0-0-0\" class=\"so-panel widget widget_sow-editor panel-first-child panel-last-child\" data-index=\"0\" ><div\n\t\t\t\n\t\t\tclass=\"so-widget-sow-editor so-widget-sow-editor-base\"\n\t\t\t\n\t\t>\n<div class=\"siteorigin-widget-tinymce textwidget\">\n\t<h1 style=\"text-align: center;\">Marine<\/h1>\n<p class=\"lead\">Oy Esmarin Composites Ltd valmistaa tuotteita risteily- ja offshore-alusten vaativiin tarpeisiin. Yhdistelm\u00e4tuotteidemme keveys ja kest\u00e4vyys tuovat merkitt\u00e4vi\u00e4 kilpailuetuja asiakkaillemme. Yhdistelm\u00e4rakenteemme t\u00e4ytt\u00e4v\u00e4t eritt\u00e4in tiukat IMO:n palom\u00e4\u00e4r\u00e4ykset ja laivanrakentajien MED-laatustandardit. Laatu- ja hallintaj\u00e4rjestelm\u00e4mme on my\u00f6s MED D -sertifioitu.<\/p>\n\n    <div class=\"text-center\">\n        <div class=\"dg-scroll-arrow d-inline-flex my-2 mx-auto\">\n            <img decoding=\"async\" src=\"https:\/\/www.esmarin.fi\/wp-content\/themes\/Digitaali\/images\/arrow-down-blue.svg\" \/>\n        <\/div>\n    <\/div>\n\n    <script>\n        \n    \/\/ Down arrow click - scroll to main content\n    $ = $ ||\u00a0jQuery;    \n    if ($('.dg-scroll-arrow').length) {\n        $('.dg-scroll-arrow').unbind(\"click\").click(function(e){\n\n            if ($('#dg-grid').length) {\n                $([document.documentElement, document.body]).animate({\n                    scrollTop: $('#dg-grid').offset().top\n                }, 500);\n            }\n        })\n    }\n    <\/script>\n\n    \n<\/div>\n<\/div><\/div><\/div><\/div><\/div><div id=\"pg-195-1\"  class=\"panel-grid panel-has-style\" ><div class=\"section-Y-paddings panel-row-style panel-row-style-for-195-1\" ><div id=\"pgc-195-1-0\"  class=\"panel-grid-cell\" ><div id=\"panel-195-1-0-0\" class=\"so-panel widget widget_siteorigin-panels-builder panel-first-child panel-last-child\" data-index=\"1\" ><div id=\"pl-w5ed2304c9af59\"  class=\"panel-layout\" ><div id=\"pg-w5ed2304c9af59-0\"  class=\"panel-grid panel-no-style\" ><div id=\"pgc-w5ed2304c9af59-0-0\"  class=\"panel-grid-cell\" ><div id=\"panel-w5ed2304c9af59-0-0-0\" class=\"so-panel widget widget_sow-editor panel-first-child panel-last-child\" data-index=\"0\" ><div\n\t\t\t\n\t\t\tclass=\"so-widget-sow-editor so-widget-sow-editor-base\"\n\t\t\t\n\t\t>\n<div class=\"siteorigin-widget-tinymce textwidget\">\n\t<h2 style=\"text-align: center;\">Komposiitin edut marine-alalla<\/h2>\n<\/div>\n<\/div><\/div><\/div><\/div><div id=\"pg-w5ed2304c9af59-1\"  class=\"panel-grid panel-no-style\" ><div id=\"pgc-w5ed2304c9af59-1-0\"  class=\"panel-grid-cell\" ><div id=\"panel-w5ed2304c9af59-1-0-0\" class=\"so-panel widget widget_sow-editor panel-first-child panel-last-child\" data-index=\"1\" ><div\n\t\t\t\n\t\t\tclass=\"so-widget-sow-editor so-widget-sow-editor-base\"\n\t\t\t\n\t\t>\n<div class=\"siteorigin-widget-tinymce textwidget\">\n\t<ul class=\"dg-checkmark-list\">\n<li>Muotoiltavuus<\/li>\n<li>Kosteudenkesto<\/li>\n<\/ul>\n<\/div>\n<\/div><\/div><\/div><div id=\"pgc-w5ed2304c9af59-1-1\"  class=\"panel-grid-cell\" ><div id=\"panel-w5ed2304c9af59-1-1-0\" class=\"so-panel widget widget_sow-editor panel-first-child panel-last-child\" data-index=\"2\" ><div\n\t\t\t\n\t\t\tclass=\"so-widget-sow-editor so-widget-sow-editor-base\"\n\t\t\t\n\t\t>\n<div class=\"siteorigin-widget-tinymce textwidget\">\n\t<ul class=\"dg-checkmark-list\">\n<li>Helppo asennettavuus<\/li>\n<li>Keveys<\/li>\n<\/ul>\n<\/div>\n<\/div><\/div><\/div><div id=\"pgc-w5ed2304c9af59-1-2\"  class=\"panel-grid-cell\" ><div id=\"panel-w5ed2304c9af59-1-2-0\" class=\"so-panel widget widget_sow-editor panel-first-child panel-last-child\" data-index=\"3\" ><div\n\t\t\t\n\t\t\tclass=\"so-widget-sow-editor so-widget-sow-editor-base\"\n\t\t\t\n\t\t>\n<div class=\"siteorigin-widget-tinymce textwidget\">\n\t<ul class=\"dg-checkmark-list\">\n<li>Paloturvallisuus<\/li>\n<\/ul>\n<\/div>\n<\/div><\/div><\/div><\/div><\/div><\/div><\/div><\/div><\/div><div id=\"pg-195-2\"  class=\"panel-grid panel-has-style\" ><div class=\"mt-5 siteorigin-panels-stretch panel-row-style panel-row-style-for-195-2\" id=\"dg-grid\" data-stretch-type=\"full-stretched\" ><div id=\"pgc-195-2-0\"  class=\"panel-grid-cell\" ><div id=\"panel-195-2-0-0\" class=\"so-panel widget widget_sow-editor panel-first-child panel-last-child\" data-index=\"2\" ><div\n\t\t\t\n\t\t\tclass=\"so-widget-sow-editor so-widget-sow-editor-base\"\n\t\t\t\n\t\t>\n<div class=\"siteorigin-widget-tinymce textwidget\">\n\t\n\t<div class=\"row no-gutters dg-fullwidth-nostobox align-items-center\">\n\n\t\t\n\n\t\t<div class=\"col-12 col-lg-6 order-lg-1 bg-img-col\" style=\"background-image: url('https:\/\/www.esmarin.fi\/wp-content\/uploads\/2020\/06\/DIGITAALI_esmarin-kuvaus_062020_052-1024x683.jpg')\">\n\t\t<\/div><!-- \/.col -->\n        \n        <div class=\"col-12 col-lg-6 d-flex align-items-center order-lg-2 justify-content-lg-start\">\n\n\t\t\t<div class=\"content-wrapper text-lg-left\">\n\n\t\t\t\t\n\t\t\t\t\n\t\t\t\t\t\t\t\t\t<h2 class=\"dg-caption-mediaquery\">Kylpyhuonelattiaelementit<\/h2>\r\nValmistamme kylpyhuonelattiaelementtej\u00e4 risteilyaluksille.\u00a0 Komposiittielementti on kosteudelta suojattu, kevyt ja helppo asentaa. Se toimitetaan viimeisteltyn\u00e4 asiakkaalle.\t\t\t\t\n\t\t\t\t\n\n\t\t\t<\/div><!-- \/.max-80 -->\n\n\t\t<\/div><!-- \/.col -->\n\n\t<\/div><!-- \/.row -->\n\n\t\n\t<div class=\"row no-gutters dg-fullwidth-nostobox align-items-center\">\n\n\t\t\n\n\t\t<div class=\"col-12 col-lg-6 order-lg-2 bg-img-col\" style=\"background-image: url('https:\/\/www.esmarin.fi\/wp-content\/uploads\/2020\/05\/Esmarin-5591-1024x683.jpg')\">\n\t\t<\/div><!-- \/.col -->\n        \n        <div class=\"col-12 col-lg-6 d-flex align-items-center order-lg-1 justify-content-lg-end\">\n\n\t\t\t<div class=\"content-wrapper text-lg-right\">\n\n\t\t\t\t\n\t\t\t\t\n\t\t\t\t\t\t\t\t\t<h2>Ikkunakartiot<\/h2>\r\nTuotamme my\u00f6s ikkunakartiot laivanrakennuksen tarpeisiin.\t\t\t\t\n\t\t\t\t\n\n\t\t\t<\/div><!-- \/.max-80 -->\n\n\t\t<\/div><!-- \/.col -->\n\n\t<\/div><!-- \/.row -->\n\n\t\n<\/div>\n<\/div><\/div><\/div><\/div><\/div><div id=\"pg-195-3\"  class=\"panel-grid panel-has-style\" ><div class=\"mt-4 siteorigin-panels-stretch panel-row-style panel-row-style-for-195-3\" id=\"dg-modeling\" data-stretch-type=\"full-stretched\" ><div id=\"pgc-195-3-0\"  class=\"panel-grid-cell\" ><div id=\"panel-195-3-0-0\" class=\"so-panel widget widget_sow-editor panel-first-child panel-last-child\" data-index=\"3\" ><div\n\t\t\t\n\t\t\tclass=\"so-widget-sow-editor so-widget-sow-editor-base\"\n\t\t\t\n\t\t>\n<div class=\"siteorigin-widget-tinymce textwidget\">\n\t\n        \n            <section class=\"dg-quote-full\">\n\n    <div class=\"container\">\n\n        <div class=\"row align-items-center\">\n            \n            <div class=\"col-12 col-lg-6 mb-4 mb-lg-0\">\n                \n                <div class=\"testimonial-entry\">\n\n    <div class=\"testimonial-text\">\"Olemme joustava ja kokenut kumppani, joka pystyy vastaamaan asiakkaidemme kaikkiin tarpeisiin.\"<\/div>\n\n    <div class=\"info\">\n        \n        \n        \n        \n    <\/div><!-- \/.info -->    \n\n<\/div><!-- \/.testimonial-entry -->\n            <\/div><!-- \/.col -->\n            \n            <div class=\"col-12 col-lg-6\">\n                \n                <div class=\"content\">\n                    <p>Yrityksemme perustamisesta l\u00e4htien vuonna 1992, olemme toimineet j\u00e4rjestelm\u00e4toimittajana eri toimialoille. Hy\u00f6dynn\u00e4mme eri toimialoilta saatua kokemusta uusissa tuotekehitysprojekteissamme.<\/p>\n<p>Asiakkaamme ty\u00f6skentelev\u00e4t mielell\u00e4\u00e4n kanssamme &#8211; merkkin\u00e4 siit\u00e4, meill\u00e4 on monia pitki\u00e4 asiakassuhteita. <a href=\"https:\/\/www.esmarin.fi\/fi\/historia\/\">Tutustu historiaan \u00bb<\/a><\/p>\n                <\/div>\n            \n            <\/div><!-- \/.col -->\n\n        <\/div><!-- \/.row -->\n\n    <\/div><!-- \/.div -->    \n\n<\/section><!-- \/.dg-quote-full -->\n        \n        \n<\/div>\n<\/div><\/div><\/div><\/div><\/div><div id=\"pg-195-4\"  class=\"panel-grid panel-has-style\" ><div class=\"section-Y-paddings panel-row-style panel-row-style-for-195-4\" ><div id=\"pgc-195-4-0\"  class=\"panel-grid-cell\" ><div id=\"panel-195-4-0-0\" class=\"so-panel widget widget_siteorigin-panels-builder panel-first-child panel-last-child\" data-index=\"4\" ><div id=\"pl-w5ed22ffccf619\"  class=\"panel-layout\" ><div id=\"pg-w5ed22ffccf619-0\"  class=\"panel-grid panel-no-style\" ><div id=\"pgc-w5ed22ffccf619-0-0\"  class=\"panel-grid-cell\" ><div id=\"panel-w5ed22ffccf619-0-0-0\" class=\"so-panel widget widget_sow-editor panel-first-child panel-last-child\" data-index=\"0\" ><div\n\t\t\t\n\t\t\tclass=\"so-widget-sow-editor so-widget-sow-editor-base\"\n\t\t\t\n\t\t>\n<div class=\"siteorigin-widget-tinymce textwidget\">\n\t<h2 style=\"text-align: center;\">Sertifioitu laatuj\u00e4rjestelm\u00e4 <\/h2>\n<\/div>\n<\/div><\/div><\/div><\/div><div id=\"pg-w5ed22ffccf619-1\"  class=\"panel-grid panel-no-style\" ><div id=\"pgc-w5ed22ffccf619-1-0\"  class=\"panel-grid-cell\" ><div id=\"panel-w5ed22ffccf619-1-0-0\" class=\"so-panel widget widget_sow-editor panel-first-child panel-last-child\" data-index=\"1\" ><div\n\t\t\t\n\t\t\tclass=\"so-widget-sow-editor so-widget-sow-editor-base\"\n\t\t\t\n\t\t>\n<div class=\"siteorigin-widget-tinymce textwidget\">\n\t<ul class=\"dg-checkmark-list dg-vertical\">\n<li>ISO 9001:2015<\/li>\n<li>IMO-palom\u00e4\u00e4r\u00e4ykset<\/li>\n<li>MED D&B sertifioidut laatustandardit<\/li>\n<\/ul>\n<\/div>\n<\/div><\/div><\/div><\/div><\/div><\/div><\/div><\/div><\/div><\/div>","protected":false},"excerpt":{"rendered":"<p>Marine Oy Esmarin Composites Ltd valmistaa tuotteita risteily- ja offshore-alusten vaativiin tarpeisiin. Yhdistelm\u00e4tuotteidemme keveys ja kest\u00e4vyys tuovat merkitt\u00e4vi\u00e4 kilpailuetuja asiakkaillemme. Yhdistelm\u00e4rakenteemme t\u00e4ytt\u00e4v\u00e4t eritt\u00e4in&#8230;<\/p>\n","protected":false},"author":2,"featured_media":0,"parent":0,"menu_order":0,"comment_status":"closed","ping_status":"closed","template":"","meta":{"footnotes":""},"class_list":["post-195","page","type-page","status-publish","hentry"],"yoast_head":"<!-- This site is optimized with the Yoast SEO plugin v27.5 - https:\/\/yoast.com\/product\/yoast-seo-wordpress\/ -->\n<title>Marine - Komposiittituotteet vaativiin tarpeisiin - Esmarin<\/title>\n<meta name=\"description\" content=\"Laivanrakennuksen tarpeisiin kylpyhuonelattiaelementit ja ikkunakartiot. Yhdistelm\u00e4rakenteemme t\u00e4ytt\u00e4v\u00e4t IMO:n palom\u00e4\u00e4r\u00e4ykset ja MED-laatustandardit.\" \/>\n<meta name=\"robots\" content=\"index, follow, max-snippet:-1, max-image-preview:large, max-video-preview:-1\" \/>\n<link rel=\"canonical\" href=\"https:\/\/www.esmarin.fi\/fi\/marine\/\" \/>\n<meta property=\"og:locale\" content=\"fi_FI\" \/>\n<meta property=\"og:type\" content=\"article\" \/>\n<meta property=\"og:title\" content=\"Marine - Komposiittituotteet vaativiin tarpeisiin - Esmarin\" \/>\n<meta property=\"og:description\" content=\"Laivanrakennuksen tarpeisiin kylpyhuonelattiaelementit ja ikkunakartiot. Yhdistelm\u00e4rakenteemme t\u00e4ytt\u00e4v\u00e4t IMO:n palom\u00e4\u00e4r\u00e4ykset ja MED-laatustandardit.\" \/>\n<meta property=\"og:url\" content=\"https:\/\/www.esmarin.fi\/fi\/marine\/\" \/>\n<meta property=\"og:site_name\" content=\"Esmarin\" \/>\n<meta property=\"article:modified_time\" content=\"2020-07-16T10:28:31+00:00\" \/>\n<meta property=\"og:image\" content=\"https:\/\/www.esmarin.fi\/wp-content\/uploads\/2020\/07\/bg.jpg\" \/>\n\t<meta property=\"og:image:width\" content=\"1619\" \/>\n\t<meta property=\"og:image:height\" content=\"1080\" \/>\n\t<meta property=\"og:image:type\" content=\"image\/jpeg\" \/>\n<meta name=\"twitter:card\" content=\"summary_large_image\" \/>\n<script type=\"application\/ld+json\" class=\"yoast-schema-graph\">{\"@context\":\"https:\\\/\\\/schema.org\",\"@graph\":[{\"@type\":\"WebPage\",\"@id\":\"https:\\\/\\\/www.esmarin.fi\\\/fi\\\/marine\\\/\",\"url\":\"https:\\\/\\\/www.esmarin.fi\\\/fi\\\/marine\\\/\",\"name\":\"Marine - Komposiittituotteet vaativiin tarpeisiin - Esmarin\",\"isPartOf\":{\"@id\":\"https:\\\/\\\/www.esmarin.fi\\\/#website\"},\"datePublished\":\"2020-05-29T11:29:00+00:00\",\"dateModified\":\"2020-07-16T10:28:31+00:00\",\"description\":\"Laivanrakennuksen tarpeisiin kylpyhuonelattiaelementit ja ikkunakartiot. Yhdistelm\u00e4rakenteemme t\u00e4ytt\u00e4v\u00e4t IMO:n palom\u00e4\u00e4r\u00e4ykset ja MED-laatustandardit.\",\"breadcrumb\":{\"@id\":\"https:\\\/\\\/www.esmarin.fi\\\/fi\\\/marine\\\/#breadcrumb\"},\"inLanguage\":\"fi\",\"potentialAction\":[{\"@type\":\"ReadAction\",\"target\":[\"https:\\\/\\\/www.esmarin.fi\\\/fi\\\/marine\\\/\"]}]},{\"@type\":\"BreadcrumbList\",\"@id\":\"https:\\\/\\\/www.esmarin.fi\\\/fi\\\/marine\\\/#breadcrumb\",\"itemListElement\":[{\"@type\":\"ListItem\",\"position\":1,\"name\":\"Home\",\"item\":\"https:\\\/\\\/www.esmarin.fi\\\/fi\\\/\"},{\"@type\":\"ListItem\",\"position\":2,\"name\":\"Marine\"}]},{\"@type\":\"WebSite\",\"@id\":\"https:\\\/\\\/www.esmarin.fi\\\/#website\",\"url\":\"https:\\\/\\\/www.esmarin.fi\\\/\",\"name\":\"Esmarin\",\"description\":\"Advanced Composite Solutions\",\"publisher\":{\"@id\":\"https:\\\/\\\/www.esmarin.fi\\\/#organization\"},\"potentialAction\":[{\"@type\":\"SearchAction\",\"target\":{\"@type\":\"EntryPoint\",\"urlTemplate\":\"https:\\\/\\\/www.esmarin.fi\\\/?s={search_term_string}\"},\"query-input\":{\"@type\":\"PropertyValueSpecification\",\"valueRequired\":true,\"valueName\":\"search_term_string\"}}],\"inLanguage\":\"fi\"},{\"@type\":\"Organization\",\"@id\":\"https:\\\/\\\/www.esmarin.fi\\\/#organization\",\"name\":\"Oy Esmarin Composites Ltd\",\"url\":\"https:\\\/\\\/www.esmarin.fi\\\/\",\"logo\":{\"@type\":\"ImageObject\",\"inLanguage\":\"fi\",\"@id\":\"https:\\\/\\\/www.esmarin.fi\\\/#\\\/schema\\\/logo\\\/image\\\/\",\"url\":\"https:\\\/\\\/www.esmarin.fi\\\/wp-content\\\/uploads\\\/2020\\\/07\\\/logo.png\",\"contentUrl\":\"https:\\\/\\\/www.esmarin.fi\\\/wp-content\\\/uploads\\\/2020\\\/07\\\/logo.png\",\"width\":307,\"height\":71,\"caption\":\"Oy Esmarin Composites Ltd\"},\"image\":{\"@id\":\"https:\\\/\\\/www.esmarin.fi\\\/#\\\/schema\\\/logo\\\/image\\\/\"}}]}<\/script>\n<!-- \/ Yoast SEO plugin. -->","yoast_head_json":{"title":"Marine - Komposiittituotteet vaativiin tarpeisiin - Esmarin","description":"Laivanrakennuksen tarpeisiin kylpyhuonelattiaelementit ja ikkunakartiot. Yhdistelm\u00e4rakenteemme t\u00e4ytt\u00e4v\u00e4t IMO:n palom\u00e4\u00e4r\u00e4ykset ja MED-laatustandardit.","robots":{"index":"index","follow":"follow","max-snippet":"max-snippet:-1","max-image-preview":"max-image-preview:large","max-video-preview":"max-video-preview:-1"},"canonical":"https:\/\/www.esmarin.fi\/fi\/marine\/","og_locale":"fi_FI","og_type":"article","og_title":"Marine - Komposiittituotteet vaativiin tarpeisiin - Esmarin","og_description":"Laivanrakennuksen tarpeisiin kylpyhuonelattiaelementit ja ikkunakartiot. Yhdistelm\u00e4rakenteemme t\u00e4ytt\u00e4v\u00e4t IMO:n palom\u00e4\u00e4r\u00e4ykset ja MED-laatustandardit.","og_url":"https:\/\/www.esmarin.fi\/fi\/marine\/","og_site_name":"Esmarin","article_modified_time":"2020-07-16T10:28:31+00:00","og_image":[{"width":1619,"height":1080,"url":"https:\/\/www.esmarin.fi\/wp-content\/uploads\/2020\/07\/bg.jpg","type":"image\/jpeg"}],"twitter_card":"summary_large_image","schema":{"@context":"https:\/\/schema.org","@graph":[{"@type":"WebPage","@id":"https:\/\/www.esmarin.fi\/fi\/marine\/","url":"https:\/\/www.esmarin.fi\/fi\/marine\/","name":"Marine - Komposiittituotteet vaativiin tarpeisiin - Esmarin","isPartOf":{"@id":"https:\/\/www.esmarin.fi\/#website"},"datePublished":"2020-05-29T11:29:00+00:00","dateModified":"2020-07-16T10:28:31+00:00","description":"Laivanrakennuksen tarpeisiin kylpyhuonelattiaelementit ja ikkunakartiot. Yhdistelm\u00e4rakenteemme t\u00e4ytt\u00e4v\u00e4t IMO:n palom\u00e4\u00e4r\u00e4ykset ja MED-laatustandardit.","breadcrumb":{"@id":"https:\/\/www.esmarin.fi\/fi\/marine\/#breadcrumb"},"inLanguage":"fi","potentialAction":[{"@type":"ReadAction","target":["https:\/\/www.esmarin.fi\/fi\/marine\/"]}]},{"@type":"BreadcrumbList","@id":"https:\/\/www.esmarin.fi\/fi\/marine\/#breadcrumb","itemListElement":[{"@type":"ListItem","position":1,"name":"Home","item":"https:\/\/www.esmarin.fi\/fi\/"},{"@type":"ListItem","position":2,"name":"Marine"}]},{"@type":"WebSite","@id":"https:\/\/www.esmarin.fi\/#website","url":"https:\/\/www.esmarin.fi\/","name":"Esmarin","description":"Advanced Composite Solutions","publisher":{"@id":"https:\/\/www.esmarin.fi\/#organization"},"potentialAction":[{"@type":"SearchAction","target":{"@type":"EntryPoint","urlTemplate":"https:\/\/www.esmarin.fi\/?s={search_term_string}"},"query-input":{"@type":"PropertyValueSpecification","valueRequired":true,"valueName":"search_term_string"}}],"inLanguage":"fi"},{"@type":"Organization","@id":"https:\/\/www.esmarin.fi\/#organization","name":"Oy Esmarin Composites Ltd","url":"https:\/\/www.esmarin.fi\/","logo":{"@type":"ImageObject","inLanguage":"fi","@id":"https:\/\/www.esmarin.fi\/#\/schema\/logo\/image\/","url":"https:\/\/www.esmarin.fi\/wp-content\/uploads\/2020\/07\/logo.png","contentUrl":"https:\/\/www.esmarin.fi\/wp-content\/uploads\/2020\/07\/logo.png","width":307,"height":71,"caption":"Oy Esmarin Composites Ltd"},"image":{"@id":"https:\/\/www.esmarin.fi\/#\/schema\/logo\/image\/"}}]}},"_links":{"self":[{"href":"https:\/\/www.esmarin.fi\/fi\/wp-json\/wp\/v2\/pages\/195","targetHints":{"allow":["GET"]}}],"collection":[{"href":"https:\/\/www.esmarin.fi\/fi\/wp-json\/wp\/v2\/pages"}],"about":[{"href":"https:\/\/www.esmarin.fi\/fi\/wp-json\/wp\/v2\/types\/page"}],"author":[{"embeddable":true,"href":"https:\/\/www.esmarin.fi\/fi\/wp-json\/wp\/v2\/users\/2"}],"replies":[{"embeddable":true,"href":"https:\/\/www.esmarin.fi\/fi\/wp-json\/wp\/v2\/comments?post=195"}],"version-history":[{"count":14,"href":"https:\/\/www.esmarin.fi\/fi\/wp-json\/wp\/v2\/pages\/195\/revisions"}],"predecessor-version":[{"id":474,"href":"https:\/\/www.esmarin.fi\/fi\/wp-json\/wp\/v2\/pages\/195\/revisions\/474"}],"wp:attachment":[{"href":"https:\/\/www.esmarin.fi\/fi\/wp-json\/wp\/v2\/media?parent=195"}],"curies":[{"name":"wp","href":"https:\/\/api.w.org\/{rel}","templated":true}]}}