{"id":192,"date":"2020-05-29T14:28:27","date_gmt":"2020-05-29T11:28:27","guid":{"rendered":"https:\/\/www.esmarin.fi\/?page_id=192"},"modified":"2020-06-09T09:03:24","modified_gmt":"2020-06-09T06:03:24","slug":"teollisuus-ja-rakentaminen","status":"publish","type":"page","link":"https:\/\/www.esmarin.fi\/fi\/teollisuus-ja-rakentaminen\/","title":{"rendered":"Teollisuus ja rakentaminen"},"content":{"rendered":"<div id=\"pl-192\"  class=\"panel-layout\" ><div id=\"pg-192-0\"  class=\"panel-grid panel-has-style\" ><div class=\"pb-5 panel-row-style panel-row-style-for-192-0\" ><div id=\"pgc-192-0-0\"  class=\"panel-grid-cell\" ><div id=\"panel-192-0-0-0\" class=\"so-panel widget widget_sow-editor panel-first-child panel-last-child\" data-index=\"0\" ><div\n\t\t\t\n\t\t\tclass=\"so-widget-sow-editor so-widget-sow-editor-base\"\n\t\t\t\n\t\t>\n<div class=\"siteorigin-widget-tinymce textwidget\">\n\t<p>&nbsp;<\/p>\n<h1 style=\"text-align: center;\">Teollisuus ja rakentaminen<\/h1>\n<p class=\"lead\">Oy Esmarin Composites Ltd valmistaa komposiittiosia teollisuuskoneisiin ja -laitteisiin. Rakennusteollisuutta palvelemme muun muassa kosteudenkestoa vaativien elementtien tuotannolla. Komposiittiratkaisut palvelevat teollisuutta ja rakentamista my\u00f6s kemikaalien keston sek\u00e4 lujuuden ja turvallisuuden osalta.<\/p>\n\n    <div class=\"text-center\">\n        <div class=\"dg-scroll-arrow d-inline-flex my-2 mx-auto\">\n            <img decoding=\"async\" src=\"https:\/\/www.esmarin.fi\/wp-content\/themes\/Digitaali\/images\/arrow-down-blue.svg\" \/>\n        <\/div>\n    <\/div>\n\n    <script>\n        \n    \/\/ Down arrow click - scroll to main content\n    $ = $ ||\u00a0jQuery;    \n    if ($('.dg-scroll-arrow').length) {\n        $('.dg-scroll-arrow').unbind(\"click\").click(function(e){\n\n            if ($('#dg-grid').length) {\n                $([document.documentElement, document.body]).animate({\n                    scrollTop: $('#dg-grid').offset().top\n                }, 500);\n            }\n        })\n    }\n    <\/script>\n\n    \n<\/div>\n<\/div><\/div><\/div><\/div><\/div><div id=\"pg-192-1\"  class=\"panel-grid panel-has-style\" ><div class=\"section-Y-paddings panel-row-style panel-row-style-for-192-1\" ><div id=\"pgc-192-1-0\"  class=\"panel-grid-cell\" ><div id=\"panel-192-1-0-0\" class=\"so-panel widget widget_siteorigin-panels-builder panel-first-child panel-last-child\" data-index=\"1\" ><div id=\"pl-w5ed236f22426f\"  class=\"panel-layout\" ><div id=\"pg-w5ed236f22426f-0\"  class=\"panel-grid panel-no-style\" ><div id=\"pgc-w5ed236f22426f-0-0\"  class=\"panel-grid-cell\" ><div id=\"panel-w5ed236f22426f-0-0-0\" class=\"so-panel widget widget_sow-editor panel-first-child panel-last-child\" data-index=\"0\" ><div\n\t\t\t\n\t\t\tclass=\"so-widget-sow-editor so-widget-sow-editor-base\"\n\t\t\t\n\t\t>\n<div class=\"siteorigin-widget-tinymce textwidget\">\n\t<p>&nbsp;<\/p>\n<h2 style=\"text-align: center;\">Komposiitin edut teollisuudessa ja rakentamisessa<\/h2>\n<\/div>\n<\/div><\/div><\/div><\/div><div id=\"pg-w5ed236f22426f-1\"  class=\"panel-grid panel-no-style\" ><div id=\"pgc-w5ed236f22426f-1-0\"  class=\"panel-grid-cell\" ><div id=\"panel-w5ed236f22426f-1-0-0\" class=\"so-panel widget widget_sow-editor panel-first-child panel-last-child\" data-index=\"1\" ><div\n\t\t\t\n\t\t\tclass=\"so-widget-sow-editor so-widget-sow-editor-base\"\n\t\t\t\n\t\t>\n<div class=\"siteorigin-widget-tinymce textwidget\">\n\t<p>&nbsp;<\/p>\n<ul class=\"dg-checkmark-list\">\n<li>Eri ominaisuuksien integroitavuus yhteen kerrosrakenteeseen<\/li>\n<li>Kosteudenkesto<\/li>\n<\/ul>\n<\/div>\n<\/div><\/div><\/div><div id=\"pgc-w5ed236f22426f-1-1\"  class=\"panel-grid-cell\" ><div id=\"panel-w5ed236f22426f-1-1-0\" class=\"so-panel widget widget_sow-editor panel-first-child panel-last-child\" data-index=\"2\" ><div\n\t\t\t\n\t\t\tclass=\"so-widget-sow-editor so-widget-sow-editor-base\"\n\t\t\t\n\t\t>\n<div class=\"siteorigin-widget-tinymce textwidget\">\n\t<p>&nbsp;<\/p>\n<ul class=\"dg-checkmark-list\">\n<li>L\u00e4mm\u00f6neristys<\/li>\n<li>Lujuus ja keveys<\/li>\n<\/ul>\n<\/div>\n<\/div><\/div><\/div><\/div><\/div><\/div><\/div><\/div><\/div><div id=\"pg-192-2\"  class=\"panel-grid panel-has-style\" ><div class=\"mt-5 siteorigin-panels-stretch panel-row-style panel-row-style-for-192-2\" id=\"dg-grid\" data-stretch-type=\"full-stretched\" ><div id=\"pgc-192-2-0\"  class=\"panel-grid-cell\" ><div id=\"panel-192-2-0-0\" class=\"so-panel widget widget_sow-editor panel-first-child panel-last-child\" data-index=\"2\" ><div\n\t\t\t\n\t\t\tclass=\"so-widget-sow-editor so-widget-sow-editor-base\"\n\t\t\t\n\t\t>\n<div class=\"siteorigin-widget-tinymce textwidget\">\n\t\n\t<div class=\"row no-gutters dg-fullwidth-nostobox align-items-center\">\n\n\t\t\n\n\t\t<div class=\"col-12 col-lg-6 order-lg-1 bg-img-col\" style=\"background-image: url('https:\/\/www.esmarin.fi\/wp-content\/uploads\/2020\/05\/Esmarin-5348-1024x683.jpg')\">\n\t\t<\/div><!-- \/.col -->\n        \n        <div class=\"col-12 col-lg-6 d-flex align-items-center order-lg-2 justify-content-lg-start\">\n\n\t\t\t<div class=\"content-wrapper text-lg-left\">\n\n\t\t\t\t\n\t\t\t\t\n\t\t\t\t\t\t\t\t\t<h2>Laitesuojat<\/h2>\r\nSuunnittelemme ja valmistamme muun muassa puunmittauslaitteiden sek\u00e4 muiden koneiden laitesuojia. Komposiittirakenteiset laitesuojat on mahdollista muotoilla hyvin vapaasti. Rakenteeseen voidaan integroida \u00e4\u00e4ni- ja l\u00e4mp\u00f6eristys kerrosrakenteella. Komposiitista valmistetut laitesuojat ovat eritt\u00e4in vahvoja ja kevyit\u00e4, ja n\u00e4in ollen turvallisia k\u00e4yt\u00f6ss\u00e4.\t\t\t\t\n\t\t\t\t\n\n\t\t\t<\/div><!-- \/.max-80 -->\n\n\t\t<\/div><!-- \/.col -->\n\n\t<\/div><!-- \/.row -->\n\n\t\n\t<div class=\"row no-gutters dg-fullwidth-nostobox align-items-center\">\n\n\t\t\n\n\t\t<div class=\"col-12 col-lg-6 order-lg-2 bg-img-col\" style=\"background-image: url('https:\/\/www.esmarin.fi\/wp-content\/uploads\/2020\/05\/Esmarin-5406-1024x683.jpg')\">\n\t\t<\/div><!-- \/.col -->\n        \n        <div class=\"col-12 col-lg-6 d-flex align-items-center order-lg-1 justify-content-lg-end\">\n\n\t\t\t<div class=\"content-wrapper text-lg-right\">\n\n\t\t\t\t\n\t\t\t\t\n\t\t\t\t\t\t\t\t\t<h2>\u00d6ljynerotuslevyt<\/h2>\r\nValmistamme erilaisia \u00f6ljynerotuslevyj\u00e4 ja teemme haponkest\u00e4vi\u00e4 pinnoitteita ter\u00e4srakenteisiin. Komposiiteilla voidaan my\u00f6s lis\u00e4t\u00e4 kulutuspintaa esimerkiksi metallirakenteisiin.\t\t\t\t\n\t\t\t\t\n\n\t\t\t<\/div><!-- \/.max-80 -->\n\n\t\t<\/div><!-- \/.col -->\n\n\t<\/div><!-- \/.row -->\n\n\t\n\t<div class=\"row no-gutters dg-fullwidth-nostobox align-items-center\">\n\n\t\t\n\n\t\t<div class=\"col-12 col-lg-6 order-lg-1 bg-img-col\" style=\"background-image: url('https:\/\/www.esmarin.fi\/wp-content\/uploads\/2020\/06\/esmarin_89-kylmaallas1-1024x768.png')\">\n\t\t<\/div><!-- \/.col -->\n        \n        <div class=\"col-12 col-lg-6 d-flex align-items-center order-lg-2 justify-content-lg-start\">\n\n\t\t\t<div class=\"content-wrapper text-lg-left\">\n\n\t\t\t\t\n\t\t\t\t\n\t\t\t\t\t\t\t\t\t<h2>Kylpyl\u00e4kalusteet ja parveke-elementit<\/h2>\r\nK\u00e4ytt\u00e4m\u00e4mme materiaalit soveltuvat erinomaisesti rakennusteollisuuden kylpyl\u00e4kaluste- ja parveke-elementteihin.\t\t\t\t\n\t\t\t\t\n\n\t\t\t<\/div><!-- \/.max-80 -->\n\n\t\t<\/div><!-- \/.col -->\n\n\t<\/div><!-- \/.row -->\n\n\t\n<\/div>\n<\/div><\/div><\/div><\/div><\/div><div id=\"pg-192-3\"  class=\"panel-grid panel-has-style\" ><div class=\"mt-4 siteorigin-panels-stretch panel-row-style panel-row-style-for-192-3\" id=\"dg-modeling\" data-stretch-type=\"full-stretched\" ><div id=\"pgc-192-3-0\"  class=\"panel-grid-cell\" ><div id=\"panel-192-3-0-0\" class=\"so-panel widget widget_sow-editor panel-first-child panel-last-child\" data-index=\"3\" ><div\n\t\t\t\n\t\t\tclass=\"so-widget-sow-editor so-widget-sow-editor-base\"\n\t\t\t\n\t\t>\n<div class=\"siteorigin-widget-tinymce textwidget\">\n\t\n        \n            <section class=\"dg-quote-full\">\n\n    <div class=\"container\">\n\n        <div class=\"row align-items-center\">\n            \n            <div class=\"col-12 col-lg-6 mb-4 mb-lg-0\">\n                \n                <div class=\"testimonial-entry\">\n\n    <div class=\"testimonial-text\">\"Olemme joustava ja kokenut kumppani, joka pystyy vastaamaan asiakkaidemme kaikkiin tarpeisiin.\"<\/div>\n\n    <div class=\"info\">\n        \n        \n        \n        \n    <\/div><!-- \/.info -->    \n\n<\/div><!-- \/.testimonial-entry -->\n            <\/div><!-- \/.col -->\n            \n            <div class=\"col-12 col-lg-6\">\n                \n                <div class=\"content\">\n                    <p>Yrityksemme perustamisesta l\u00e4htien vuonna 1992, olemme toimineet j\u00e4rjestelm\u00e4toimittajana eri toimialoille. Hy\u00f6dynn\u00e4mme eri toimialoilta saatua kokemusta uusissa tuotekehitysprojekteissamme.<\/p>\n<p>Asiakkaamme ty\u00f6skentelev\u00e4t mielell\u00e4\u00e4n kanssamme &#8211; merkkin\u00e4 siit\u00e4, meill\u00e4 on monia pitki\u00e4 asiakassuhteita. <a href=\"https:\/\/www.esmarin.fi\/fi\/historia\/\">Tutustu historiaan \u00bb<\/a><\/p>\n                <\/div>\n            \n            <\/div><!-- \/.col -->\n\n        <\/div><!-- \/.row -->\n\n    <\/div><!-- \/.div -->    \n\n<\/section><!-- \/.dg-quote-full -->\n        \n        \n<\/div>\n<\/div><\/div><\/div><\/div><\/div><div id=\"pg-192-4\"  class=\"panel-grid panel-has-style\" ><div class=\"section-Y-paddings panel-row-style panel-row-style-for-192-4\" ><div id=\"pgc-192-4-0\"  class=\"panel-grid-cell\" ><div id=\"panel-192-4-0-0\" class=\"so-panel widget widget_siteorigin-panels-builder panel-first-child panel-last-child\" data-index=\"4\" ><div id=\"pl-w5ed236f2246c3\"  class=\"panel-layout\" ><div id=\"pg-w5ed236f2246c3-0\"  class=\"panel-grid panel-no-style\" ><div id=\"pgc-w5ed236f2246c3-0-0\"  class=\"panel-grid-cell\" ><div id=\"panel-w5ed236f2246c3-0-0-0\" class=\"so-panel widget widget_sow-editor panel-first-child panel-last-child\" data-index=\"0\" ><div\n\t\t\t\n\t\t\tclass=\"so-widget-sow-editor so-widget-sow-editor-base\"\n\t\t\t\n\t\t>\n<div class=\"siteorigin-widget-tinymce textwidget\">\n\t<p>&nbsp;<\/p>\n<h2 style=\"text-align: center;\">Sertifioitu laatuj\u00e4rjestelm\u00e4<\/h2>\n<\/div>\n<\/div><\/div><\/div><\/div><div id=\"pg-w5ed236f2246c3-1\"  class=\"panel-grid panel-no-style\" ><div id=\"pgc-w5ed236f2246c3-1-0\"  class=\"panel-grid-cell\" ><div id=\"panel-w5ed236f2246c3-1-0-0\" class=\"so-panel widget widget_sow-editor panel-first-child panel-last-child\" data-index=\"1\" ><div\n\t\t\t\n\t\t\tclass=\"so-widget-sow-editor so-widget-sow-editor-base\"\n\t\t\t\n\t\t>\n<div class=\"siteorigin-widget-tinymce textwidget\">\n\t<ul class=\"dg-checkmark-list dg-vertical\">\n<li>ISO 9001:2015<\/li>\n<\/ul>\n<\/div>\n<\/div><\/div><\/div><\/div><\/div><\/div><\/div><\/div><\/div><\/div>","protected":false},"excerpt":{"rendered":"<p>&nbsp; Teollisuus ja rakentaminen Oy Esmarin Composites Ltd valmistaa komposiittiosia teollisuuskoneisiin ja -laitteisiin. Rakennusteollisuutta palvelemme muun muassa kosteudenkestoa vaativien elementtien tuotannolla. Komposiittiratkaisut palvelevat&#8230;<\/p>\n","protected":false},"author":2,"featured_media":374,"parent":0,"menu_order":0,"comment_status":"closed","ping_status":"closed","template":"","meta":{"footnotes":""},"class_list":["post-192","page","type-page","status-publish","has-post-thumbnail","hentry"],"yoast_head":"<!-- This site is optimized with the Yoast SEO plugin v27.5 - https:\/\/yoast.com\/product\/yoast-seo-wordpress\/ -->\n<title>Teollisuus ja rakentaminen - Kustannustehokkaasti komposiitista - Esmarin<\/title>\n<meta name=\"description\" content=\"Teollisuuslaitteiden- ja koneiden komposiittiosat, kuten laitesuojat ja \u00f6ljynerotuslevyt. Kylpyl\u00e4kalusteet ja parveke-elementit rakennusteollisuuteen\" \/>\n<meta name=\"robots\" content=\"index, follow, max-snippet:-1, max-image-preview:large, max-video-preview:-1\" \/>\n<link rel=\"canonical\" href=\"https:\/\/www.esmarin.fi\/fi\/teollisuus-ja-rakentaminen\/\" \/>\n<meta property=\"og:locale\" content=\"fi_FI\" \/>\n<meta property=\"og:type\" content=\"article\" \/>\n<meta property=\"og:title\" content=\"Teollisuus ja rakentaminen - Kustannustehokkaasti komposiitista - Esmarin\" \/>\n<meta property=\"og:description\" content=\"Teollisuuslaitteiden- ja koneiden komposiittiosat, kuten laitesuojat ja \u00f6ljynerotuslevyt. Kylpyl\u00e4kalusteet ja parveke-elementit rakennusteollisuuteen\" \/>\n<meta property=\"og:url\" content=\"https:\/\/www.esmarin.fi\/fi\/teollisuus-ja-rakentaminen\/\" \/>\n<meta property=\"og:site_name\" content=\"Esmarin\" \/>\n<meta property=\"article:modified_time\" content=\"2020-06-09T06:03:24+00:00\" \/>\n<meta property=\"og:image\" content=\"https:\/\/www.esmarin.fi\/wp-content\/uploads\/2020\/06\/esmarin_OTE_concentrator-plant_flotation_015-1024x682.jpg\" \/>\n\t<meta property=\"og:image:width\" content=\"1024\" \/>\n\t<meta property=\"og:image:height\" content=\"682\" \/>\n\t<meta property=\"og:image:type\" content=\"image\/jpeg\" \/>\n<meta name=\"twitter:card\" content=\"summary_large_image\" \/>\n<script type=\"application\/ld+json\" class=\"yoast-schema-graph\">{\"@context\":\"https:\\\/\\\/schema.org\",\"@graph\":[{\"@type\":\"WebPage\",\"@id\":\"https:\\\/\\\/www.esmarin.fi\\\/fi\\\/teollisuus-ja-rakentaminen\\\/\",\"url\":\"https:\\\/\\\/www.esmarin.fi\\\/fi\\\/teollisuus-ja-rakentaminen\\\/\",\"name\":\"Teollisuus ja rakentaminen - Kustannustehokkaasti komposiitista - Esmarin\",\"isPartOf\":{\"@id\":\"https:\\\/\\\/www.esmarin.fi\\\/#website\"},\"primaryImageOfPage\":{\"@id\":\"https:\\\/\\\/www.esmarin.fi\\\/fi\\\/teollisuus-ja-rakentaminen\\\/#primaryimage\"},\"image\":{\"@id\":\"https:\\\/\\\/www.esmarin.fi\\\/fi\\\/teollisuus-ja-rakentaminen\\\/#primaryimage\"},\"thumbnailUrl\":\"https:\\\/\\\/www.esmarin.fi\\\/wp-content\\\/uploads\\\/2020\\\/06\\\/esmarin_OTE_concentrator-plant_flotation_015.jpg\",\"datePublished\":\"2020-05-29T11:28:27+00:00\",\"dateModified\":\"2020-06-09T06:03:24+00:00\",\"description\":\"Teollisuuslaitteiden- ja koneiden komposiittiosat, kuten laitesuojat ja \u00f6ljynerotuslevyt. Kylpyl\u00e4kalusteet ja parveke-elementit rakennusteollisuuteen\",\"breadcrumb\":{\"@id\":\"https:\\\/\\\/www.esmarin.fi\\\/fi\\\/teollisuus-ja-rakentaminen\\\/#breadcrumb\"},\"inLanguage\":\"fi\",\"potentialAction\":[{\"@type\":\"ReadAction\",\"target\":[\"https:\\\/\\\/www.esmarin.fi\\\/fi\\\/teollisuus-ja-rakentaminen\\\/\"]}]},{\"@type\":\"ImageObject\",\"inLanguage\":\"fi\",\"@id\":\"https:\\\/\\\/www.esmarin.fi\\\/fi\\\/teollisuus-ja-rakentaminen\\\/#primaryimage\",\"url\":\"https:\\\/\\\/www.esmarin.fi\\\/wp-content\\\/uploads\\\/2020\\\/06\\\/esmarin_OTE_concentrator-plant_flotation_015.jpg\",\"contentUrl\":\"https:\\\/\\\/www.esmarin.fi\\\/wp-content\\\/uploads\\\/2020\\\/06\\\/esmarin_OTE_concentrator-plant_flotation_015.jpg\",\"width\":2048,\"height\":1363},{\"@type\":\"BreadcrumbList\",\"@id\":\"https:\\\/\\\/www.esmarin.fi\\\/fi\\\/teollisuus-ja-rakentaminen\\\/#breadcrumb\",\"itemListElement\":[{\"@type\":\"ListItem\",\"position\":1,\"name\":\"Home\",\"item\":\"https:\\\/\\\/www.esmarin.fi\\\/fi\\\/\"},{\"@type\":\"ListItem\",\"position\":2,\"name\":\"Teollisuus ja rakentaminen\"}]},{\"@type\":\"WebSite\",\"@id\":\"https:\\\/\\\/www.esmarin.fi\\\/#website\",\"url\":\"https:\\\/\\\/www.esmarin.fi\\\/\",\"name\":\"Esmarin\",\"description\":\"Advanced Composite Solutions\",\"publisher\":{\"@id\":\"https:\\\/\\\/www.esmarin.fi\\\/#organization\"},\"potentialAction\":[{\"@type\":\"SearchAction\",\"target\":{\"@type\":\"EntryPoint\",\"urlTemplate\":\"https:\\\/\\\/www.esmarin.fi\\\/?s={search_term_string}\"},\"query-input\":{\"@type\":\"PropertyValueSpecification\",\"valueRequired\":true,\"valueName\":\"search_term_string\"}}],\"inLanguage\":\"fi\"},{\"@type\":\"Organization\",\"@id\":\"https:\\\/\\\/www.esmarin.fi\\\/#organization\",\"name\":\"Oy Esmarin Composites Ltd\",\"url\":\"https:\\\/\\\/www.esmarin.fi\\\/\",\"logo\":{\"@type\":\"ImageObject\",\"inLanguage\":\"fi\",\"@id\":\"https:\\\/\\\/www.esmarin.fi\\\/#\\\/schema\\\/logo\\\/image\\\/\",\"url\":\"https:\\\/\\\/www.esmarin.fi\\\/wp-content\\\/uploads\\\/2020\\\/07\\\/logo.png\",\"contentUrl\":\"https:\\\/\\\/www.esmarin.fi\\\/wp-content\\\/uploads\\\/2020\\\/07\\\/logo.png\",\"width\":307,\"height\":71,\"caption\":\"Oy Esmarin Composites Ltd\"},\"image\":{\"@id\":\"https:\\\/\\\/www.esmarin.fi\\\/#\\\/schema\\\/logo\\\/image\\\/\"}}]}<\/script>\n<!-- \/ Yoast SEO plugin. -->","yoast_head_json":{"title":"Teollisuus ja rakentaminen - Kustannustehokkaasti komposiitista - Esmarin","description":"Teollisuuslaitteiden- ja koneiden komposiittiosat, kuten laitesuojat ja \u00f6ljynerotuslevyt. Kylpyl\u00e4kalusteet ja parveke-elementit rakennusteollisuuteen","robots":{"index":"index","follow":"follow","max-snippet":"max-snippet:-1","max-image-preview":"max-image-preview:large","max-video-preview":"max-video-preview:-1"},"canonical":"https:\/\/www.esmarin.fi\/fi\/teollisuus-ja-rakentaminen\/","og_locale":"fi_FI","og_type":"article","og_title":"Teollisuus ja rakentaminen - Kustannustehokkaasti komposiitista - Esmarin","og_description":"Teollisuuslaitteiden- ja koneiden komposiittiosat, kuten laitesuojat ja \u00f6ljynerotuslevyt. Kylpyl\u00e4kalusteet ja parveke-elementit rakennusteollisuuteen","og_url":"https:\/\/www.esmarin.fi\/fi\/teollisuus-ja-rakentaminen\/","og_site_name":"Esmarin","article_modified_time":"2020-06-09T06:03:24+00:00","og_image":[{"width":1024,"height":682,"url":"https:\/\/www.esmarin.fi\/wp-content\/uploads\/2020\/06\/esmarin_OTE_concentrator-plant_flotation_015-1024x682.jpg","type":"image\/jpeg"}],"twitter_card":"summary_large_image","schema":{"@context":"https:\/\/schema.org","@graph":[{"@type":"WebPage","@id":"https:\/\/www.esmarin.fi\/fi\/teollisuus-ja-rakentaminen\/","url":"https:\/\/www.esmarin.fi\/fi\/teollisuus-ja-rakentaminen\/","name":"Teollisuus ja rakentaminen - Kustannustehokkaasti komposiitista - Esmarin","isPartOf":{"@id":"https:\/\/www.esmarin.fi\/#website"},"primaryImageOfPage":{"@id":"https:\/\/www.esmarin.fi\/fi\/teollisuus-ja-rakentaminen\/#primaryimage"},"image":{"@id":"https:\/\/www.esmarin.fi\/fi\/teollisuus-ja-rakentaminen\/#primaryimage"},"thumbnailUrl":"https:\/\/www.esmarin.fi\/wp-content\/uploads\/2020\/06\/esmarin_OTE_concentrator-plant_flotation_015.jpg","datePublished":"2020-05-29T11:28:27+00:00","dateModified":"2020-06-09T06:03:24+00:00","description":"Teollisuuslaitteiden- ja koneiden komposiittiosat, kuten laitesuojat ja \u00f6ljynerotuslevyt. Kylpyl\u00e4kalusteet ja parveke-elementit rakennusteollisuuteen","breadcrumb":{"@id":"https:\/\/www.esmarin.fi\/fi\/teollisuus-ja-rakentaminen\/#breadcrumb"},"inLanguage":"fi","potentialAction":[{"@type":"ReadAction","target":["https:\/\/www.esmarin.fi\/fi\/teollisuus-ja-rakentaminen\/"]}]},{"@type":"ImageObject","inLanguage":"fi","@id":"https:\/\/www.esmarin.fi\/fi\/teollisuus-ja-rakentaminen\/#primaryimage","url":"https:\/\/www.esmarin.fi\/wp-content\/uploads\/2020\/06\/esmarin_OTE_concentrator-plant_flotation_015.jpg","contentUrl":"https:\/\/www.esmarin.fi\/wp-content\/uploads\/2020\/06\/esmarin_OTE_concentrator-plant_flotation_015.jpg","width":2048,"height":1363},{"@type":"BreadcrumbList","@id":"https:\/\/www.esmarin.fi\/fi\/teollisuus-ja-rakentaminen\/#breadcrumb","itemListElement":[{"@type":"ListItem","position":1,"name":"Home","item":"https:\/\/www.esmarin.fi\/fi\/"},{"@type":"ListItem","position":2,"name":"Teollisuus ja rakentaminen"}]},{"@type":"WebSite","@id":"https:\/\/www.esmarin.fi\/#website","url":"https:\/\/www.esmarin.fi\/","name":"Esmarin","description":"Advanced Composite Solutions","publisher":{"@id":"https:\/\/www.esmarin.fi\/#organization"},"potentialAction":[{"@type":"SearchAction","target":{"@type":"EntryPoint","urlTemplate":"https:\/\/www.esmarin.fi\/?s={search_term_string}"},"query-input":{"@type":"PropertyValueSpecification","valueRequired":true,"valueName":"search_term_string"}}],"inLanguage":"fi"},{"@type":"Organization","@id":"https:\/\/www.esmarin.fi\/#organization","name":"Oy Esmarin Composites Ltd","url":"https:\/\/www.esmarin.fi\/","logo":{"@type":"ImageObject","inLanguage":"fi","@id":"https:\/\/www.esmarin.fi\/#\/schema\/logo\/image\/","url":"https:\/\/www.esmarin.fi\/wp-content\/uploads\/2020\/07\/logo.png","contentUrl":"https:\/\/www.esmarin.fi\/wp-content\/uploads\/2020\/07\/logo.png","width":307,"height":71,"caption":"Oy Esmarin Composites Ltd"},"image":{"@id":"https:\/\/www.esmarin.fi\/#\/schema\/logo\/image\/"}}]}},"_links":{"self":[{"href":"https:\/\/www.esmarin.fi\/fi\/wp-json\/wp\/v2\/pages\/192","targetHints":{"allow":["GET"]}}],"collection":[{"href":"https:\/\/www.esmarin.fi\/fi\/wp-json\/wp\/v2\/pages"}],"about":[{"href":"https:\/\/www.esmarin.fi\/fi\/wp-json\/wp\/v2\/types\/page"}],"author":[{"embeddable":true,"href":"https:\/\/www.esmarin.fi\/fi\/wp-json\/wp\/v2\/users\/2"}],"replies":[{"embeddable":true,"href":"https:\/\/www.esmarin.fi\/fi\/wp-json\/wp\/v2\/comments?post=192"}],"version-history":[{"count":9,"href":"https:\/\/www.esmarin.fi\/fi\/wp-json\/wp\/v2\/pages\/192\/revisions"}],"predecessor-version":[{"id":376,"href":"https:\/\/www.esmarin.fi\/fi\/wp-json\/wp\/v2\/pages\/192\/revisions\/376"}],"wp:featuredmedia":[{"embeddable":true,"href":"https:\/\/www.esmarin.fi\/fi\/wp-json\/wp\/v2\/media\/374"}],"wp:attachment":[{"href":"https:\/\/www.esmarin.fi\/fi\/wp-json\/wp\/v2\/media?parent=192"}],"curies":[{"name":"wp","href":"https:\/\/api.w.org\/{rel}","templated":true}]}}