{"id":188,"date":"2020-05-29T14:27:22","date_gmt":"2020-05-29T11:27:22","guid":{"rendered":"https:\/\/www.esmarin.fi\/?page_id=188"},"modified":"2020-06-16T11:16:13","modified_gmt":"2020-06-16T08:16:13","slug":"tyokoneet","status":"publish","type":"page","link":"https:\/\/www.esmarin.fi\/fi\/tyokoneet\/","title":{"rendered":"Ty\u00f6koneet"},"content":{"rendered":"<div id=\"pl-188\"  class=\"panel-layout\" ><div id=\"pg-188-0\"  class=\"panel-grid panel-has-style\" ><div class=\"pb-5 panel-row-style panel-row-style-for-188-0\" ><div id=\"pgc-188-0-0\"  class=\"panel-grid-cell\" ><div id=\"panel-188-0-0-0\" class=\"so-panel widget widget_sow-editor panel-first-child panel-last-child\" data-index=\"0\" ><div\n\t\t\t\n\t\t\tclass=\"so-widget-sow-editor so-widget-sow-editor-base\"\n\t\t\t\n\t\t>\n<div class=\"siteorigin-widget-tinymce textwidget\">\n\t<h1 style=\"text-align: center;\">Ty\u00f6koneet<\/h1>\n<p class=\"lead\">Oy Esmarin Composites Ltd tarjoaa ty\u00f6koneiden valmistajille kilpailukykyisen ratkaisun modernin muotoilun sek\u00e4 pinnan laadun ja kest\u00e4vyyden yhdist\u00e4miseen.<\/p>\n<p>Tuotteemme vastaavat erinomaisesti laitteiden osissa k\u00e4ytettyjen materiaalien painoon ja korroosion kestoon liittyviin vaatimuksiin. Komposiittiratkaisumme mahdollistavat my\u00f6s \u00e4\u00e4ni- ja l\u00e4mp\u00f6eristykset sek\u00e4 helpon asennettavuuden ilman erillisi\u00e4 tukirunkoja ja p\u00e4\u00e4llekk\u00e4isi\u00e4 rakenteita.<\/p>\n\n    <div class=\"text-center\">\n        <div class=\"dg-scroll-arrow d-inline-flex my-2 mx-auto\">\n            <img decoding=\"async\" src=\"https:\/\/www.esmarin.fi\/wp-content\/themes\/Digitaali\/images\/arrow-down-blue.svg\" \/>\n        <\/div>\n    <\/div>\n\n    <script>\n        \n    \/\/ Down arrow click - scroll to main content\n    $ = $ ||\u00a0jQuery;    \n    if ($('.dg-scroll-arrow').length) {\n        $('.dg-scroll-arrow').unbind(\"click\").click(function(e){\n\n            if ($('#dg-grid').length) {\n                $([document.documentElement, document.body]).animate({\n                    scrollTop: $('#dg-grid').offset().top\n                }, 500);\n            }\n        })\n    }\n    <\/script>\n\n    \n<\/div>\n<\/div><\/div><\/div><\/div><\/div><div id=\"pg-188-1\"  class=\"panel-grid panel-has-style\" ><div class=\"section-Y-paddings panel-row-style panel-row-style-for-188-1\" ><div id=\"pgc-188-1-0\"  class=\"panel-grid-cell\" ><div id=\"panel-188-1-0-0\" class=\"so-panel widget widget_siteorigin-panels-builder panel-first-child panel-last-child\" data-index=\"1\" ><div id=\"pl-w5ed8978115a26\"  class=\"panel-layout\" ><div id=\"pg-w5ed8978115a26-0\"  class=\"panel-grid panel-no-style\" ><div id=\"pgc-w5ed8978115a26-0-0\"  class=\"panel-grid-cell\" ><div id=\"panel-w5ed8978115a26-0-0-0\" class=\"so-panel widget widget_sow-editor panel-first-child panel-last-child\" data-index=\"0\" ><div\n\t\t\t\n\t\t\tclass=\"so-widget-sow-editor so-widget-sow-editor-base\"\n\t\t\t\n\t\t>\n<div class=\"siteorigin-widget-tinymce textwidget\">\n\t<h2 style=\"text-align: center;\">Komposiitin edut ty\u00f6koneissa<\/h2>\n<\/div>\n<\/div><\/div><\/div><\/div><div id=\"pg-w5ed8978115a26-1\"  class=\"panel-grid panel-no-style\" ><div id=\"pgc-w5ed8978115a26-1-0\"  class=\"panel-grid-cell\" ><div id=\"panel-w5ed8978115a26-1-0-0\" class=\"so-panel widget widget_sow-editor panel-first-child panel-last-child\" data-index=\"1\" ><div\n\t\t\t\n\t\t\tclass=\"so-widget-sow-editor so-widget-sow-editor-base\"\n\t\t\t\n\t\t>\n<div class=\"siteorigin-widget-tinymce textwidget\">\n\t<ul class=\"dg-checkmark-list\">\n<li>Moderni muotoilu<\/li>\n<li>Hyv\u00e4 pinnanlaatu<\/li>\n<\/ul>\n<\/div>\n<\/div><\/div><\/div><div id=\"pgc-w5ed8978115a26-1-1\"  class=\"panel-grid-cell\" ><div id=\"panel-w5ed8978115a26-1-1-0\" class=\"so-panel widget widget_sow-editor panel-first-child panel-last-child\" data-index=\"2\" ><div\n\t\t\t\n\t\t\tclass=\"so-widget-sow-editor so-widget-sow-editor-base\"\n\t\t\t\n\t\t>\n<div class=\"siteorigin-widget-tinymce textwidget\">\n\t<ul class=\"dg-checkmark-list\">\n<li>Kevyt ja vahva rakenne<\/li>\n<li>L\u00e4mm\u00f6neristys<\/li>\n<\/ul>\n<\/div>\n<\/div><\/div><\/div><div id=\"pgc-w5ed8978115a26-1-2\"  class=\"panel-grid-cell\" ><div id=\"panel-w5ed8978115a26-1-2-0\" class=\"so-panel widget widget_sow-editor panel-first-child panel-last-child\" data-index=\"3\" ><div\n\t\t\t\n\t\t\tclass=\"so-widget-sow-editor so-widget-sow-editor-base\"\n\t\t\t\n\t\t>\n<div class=\"siteorigin-widget-tinymce textwidget\">\n\t<ul class=\"dg-checkmark-list\">\n<li>Korroosionkest\u00e4vyys<\/li>\n<\/ul>\n<\/div>\n<\/div><\/div><\/div><\/div><\/div><\/div><\/div><\/div><\/div><div id=\"pg-188-2\"  class=\"panel-grid panel-has-style\" ><div class=\"mt-5 siteorigin-panels-stretch panel-row-style panel-row-style-for-188-2\" id=\"dg-grid\" data-stretch-type=\"full-stretched\" ><div id=\"pgc-188-2-0\"  class=\"panel-grid-cell\" ><div id=\"panel-188-2-0-0\" class=\"so-panel widget widget_sow-editor panel-first-child panel-last-child\" data-index=\"2\" ><div\n\t\t\t\n\t\t\tclass=\"so-widget-sow-editor so-widget-sow-editor-base\"\n\t\t\t\n\t\t>\n<div class=\"siteorigin-widget-tinymce textwidget\">\n\t\n\t<div class=\"row no-gutters dg-fullwidth-nostobox align-items-center\">\n\n\t\t\n\n\t\t<div class=\"col-12 col-lg-6 order-lg-1 bg-img-col\" style=\"background-image: url('https:\/\/www.esmarin.fi\/wp-content\/uploads\/2020\/06\/Eritysajoneuvot-1024x575.jpg')\">\n\t\t<\/div><!-- \/.col -->\n        \n        <div class=\"col-12 col-lg-6 d-flex align-items-center order-lg-2 justify-content-lg-start\">\n\n\t\t\t<div class=\"content-wrapper text-lg-left\">\n\n\t\t\t\t\n\t\t\t\t\n\t\t\t\t\t\t\t\t\t<h2>Luukut ja katteet<\/h2>\r\nValmistamme luukkuja ja katteita muun muassa Dinolift-henkil\u00f6nostimiin. Komposiitista saadaan valmistettua kevyit\u00e4 ja n\u00e4ytt\u00e4vi\u00e4 katteita turvallisena ja helposti asennettavana kokonaisuutena.\t\t\t\t\n\t\t\t\t\n\n\t\t\t<\/div><!-- \/.max-80 -->\n\n\t\t<\/div><!-- \/.col -->\n\n\t<\/div><!-- \/.row -->\n\n\t\n\t<div class=\"row no-gutters dg-fullwidth-nostobox align-items-center\">\n\n\t\t\n\n\t\t<div class=\"col-12 col-lg-6 order-lg-2 bg-img-col\" style=\"background-image: url('https:\/\/www.esmarin.fi\/wp-content\/uploads\/2020\/05\/IMG_73741-1024x683.jpg')\">\n\t\t<\/div><!-- \/.col -->\n        \n        <div class=\"col-12 col-lg-6 d-flex align-items-center order-lg-1 justify-content-lg-end\">\n\n\t\t\t<div class=\"content-wrapper text-lg-right\">\n\n\t\t\t\t\n\t\t\t\t\n\t\t\t\t\t\t\t\t\t<h2>Maskit ja puskurit<\/h2>\r\nValmistamme Normetin kaivoskoneisiin keulamaskeja. Maskit ovat kevyit\u00e4 sek\u00e4 helposti asennettavia ja avattavia. Komposiittimaskit ovat korroosion kest\u00e4vi\u00e4 ja lujia, joten ne suojaavat koneistoa luotettavasti vaativissa kaivosolosuhteissa. Erikoisajoneuvotuotteitamme ovat muun muassa lastink\u00e4sittelylaitteiden konesuojat, hyttien osat sek\u00e4 ty\u00f6, maatalous-, ja mets\u00e4koneiden konesuojat. Valmistamme my\u00f6s ultra-kevyit\u00e4 katteita velomobiileihin.\t\t\t\t\n\t\t\t\t\n\n\t\t\t<\/div><!-- \/.max-80 -->\n\n\t\t<\/div><!-- \/.col -->\n\n\t<\/div><!-- \/.row -->\n\n\t\n<\/div>\n<\/div><\/div><\/div><\/div><\/div><div id=\"pg-188-3\"  class=\"panel-grid panel-has-style\" ><div class=\"mt-4 siteorigin-panels-stretch panel-row-style panel-row-style-for-188-3\" id=\"dg-modeling\" data-stretch-type=\"full-stretched\" ><div id=\"pgc-188-3-0\"  class=\"panel-grid-cell\" ><div id=\"panel-188-3-0-0\" class=\"so-panel widget widget_sow-editor panel-first-child panel-last-child\" data-index=\"3\" ><div\n\t\t\t\n\t\t\tclass=\"so-widget-sow-editor so-widget-sow-editor-base\"\n\t\t\t\n\t\t>\n<div class=\"siteorigin-widget-tinymce textwidget\">\n\t\n        \n            <section class=\"dg-quote-full\">\n\n    <div class=\"container\">\n\n        <div class=\"row align-items-center\">\n            \n            <div class=\"col-12 col-lg-6 mb-4 mb-lg-0\">\n                \n                <div class=\"testimonial-entry\">\n\n    <div class=\"testimonial-text\">\"Olemme joustava ja kokenut kumppani, joka pystyy vastaamaan asiakkaidemme kaikkiin tarpeisiin.\"<\/div>\n\n    <div class=\"info\">\n        \n        \n        \n        \n    <\/div><!-- \/.info -->    \n\n<\/div><!-- \/.testimonial-entry -->\n            <\/div><!-- \/.col -->\n            \n            <div class=\"col-12 col-lg-6\">\n                \n                <div class=\"content\">\n                    <p>Yrityksemme perustamisesta l\u00e4htien vuonna 1992, olemme toimineet j\u00e4rjestelm\u00e4toimittajana eri toimialoille. Hy\u00f6dynn\u00e4mme eri toimialoilta saatua kokemusta uusissa tuotekehitysprojekteissamme.<\/p>\n<p>Asiakkaamme ty\u00f6skentelev\u00e4t mielell\u00e4\u00e4n kanssamme &#8211; merkkin\u00e4 siit\u00e4, meill\u00e4 on monia pitki\u00e4 asiakassuhteita. <a href=\"https:\/\/www.esmarin.fi\/fi\/historia\/\">Tutustu historiaan \u00bb<\/a><\/p>\n                <\/div>\n            \n            <\/div><!-- \/.col -->\n\n        <\/div><!-- \/.row -->\n\n    <\/div><!-- \/.div -->    \n\n<\/section><!-- \/.dg-quote-full -->\n        \n        \n<\/div>\n<\/div><\/div><\/div><\/div><\/div><div id=\"pg-188-4\"  class=\"panel-grid panel-has-style\" ><div class=\"section-Y-paddings panel-row-style panel-row-style-for-188-4\" ><div id=\"pgc-188-4-0\"  class=\"panel-grid-cell\" ><div id=\"panel-188-4-0-0\" class=\"so-panel widget widget_siteorigin-panels-builder panel-first-child panel-last-child\" data-index=\"4\" ><div id=\"pl-w5ed237ec88dfb\"  class=\"panel-layout\" ><div id=\"pg-w5ed237ec88dfb-0\"  class=\"panel-grid panel-no-style\" ><div id=\"pgc-w5ed237ec88dfb-0-0\"  class=\"panel-grid-cell\" ><div id=\"panel-w5ed237ec88dfb-0-0-0\" class=\"so-panel widget widget_sow-editor panel-first-child panel-last-child\" data-index=\"0\" ><div\n\t\t\t\n\t\t\tclass=\"so-widget-sow-editor so-widget-sow-editor-base\"\n\t\t\t\n\t\t>\n<div class=\"siteorigin-widget-tinymce textwidget\">\n\t<h2 style=\"text-align: center;\">Sertifioitu laatuj\u00e4rjestelm\u00e4 <\/h2>\n<\/div>\n<\/div><\/div><\/div><\/div><div id=\"pg-w5ed237ec88dfb-1\"  class=\"panel-grid panel-no-style\" ><div id=\"pgc-w5ed237ec88dfb-1-0\"  class=\"panel-grid-cell\" ><div id=\"panel-w5ed237ec88dfb-1-0-0\" class=\"so-panel widget widget_sow-editor panel-first-child panel-last-child\" data-index=\"1\" ><div\n\t\t\t\n\t\t\tclass=\"so-widget-sow-editor so-widget-sow-editor-base\"\n\t\t\t\n\t\t>\n<div class=\"siteorigin-widget-tinymce textwidget\">\n\t<ul class=\"dg-checkmark-list dg-vertical\">\n<li>ISO 9001:2015<\/li>\n<\/ul>\n<\/div>\n<\/div><\/div><\/div><\/div><\/div><\/div><\/div><\/div><\/div><\/div>","protected":false},"excerpt":{"rendered":"<p>Ty\u00f6koneet Oy Esmarin Composites Ltd tarjoaa ty\u00f6koneiden valmistajille kilpailukykyisen ratkaisun modernin muotoilun sek\u00e4 pinnan laadun ja kest\u00e4vyyden yhdist\u00e4miseen. Tuotteemme vastaavat erinomaisesti laitteiden osissa&#8230;<\/p>\n","protected":false},"author":2,"featured_media":240,"parent":0,"menu_order":0,"comment_status":"closed","ping_status":"closed","template":"","meta":{"footnotes":""},"class_list":["post-188","page","type-page","status-publish","has-post-thumbnail","hentry"],"yoast_head":"<!-- This site is optimized with the Yoast SEO plugin v27.4 - https:\/\/yoast.com\/product\/yoast-seo-wordpress\/ -->\n<title>Ty\u00f6koneet - Kilpailukykyiset ratkaisut valmistajille - Esmarin<\/title>\n<meta name=\"description\" content=\"Erityisajoneuvojen lastink\u00e4sittelylaitteiden konesuojat, hyttien osat sek\u00e4 ty\u00f6, maatalous-, ja mets\u00e4koneiden konesuojat kustannustehokkaasti komposiitista.\" \/>\n<meta name=\"robots\" content=\"index, follow, max-snippet:-1, max-image-preview:large, max-video-preview:-1\" \/>\n<link rel=\"canonical\" href=\"https:\/\/www.esmarin.fi\/fi\/tyokoneet\/\" \/>\n<meta property=\"og:locale\" content=\"fi_FI\" \/>\n<meta property=\"og:type\" content=\"article\" \/>\n<meta property=\"og:title\" content=\"Ty\u00f6koneet - Kilpailukykyiset ratkaisut valmistajille - Esmarin\" \/>\n<meta property=\"og:description\" content=\"Erityisajoneuvojen lastink\u00e4sittelylaitteiden konesuojat, hyttien osat sek\u00e4 ty\u00f6, maatalous-, ja mets\u00e4koneiden konesuojat kustannustehokkaasti komposiitista.\" \/>\n<meta property=\"og:url\" content=\"https:\/\/www.esmarin.fi\/fi\/tyokoneet\/\" \/>\n<meta property=\"og:site_name\" content=\"Esmarin\" \/>\n<meta property=\"article:modified_time\" content=\"2020-06-16T08:16:13+00:00\" \/>\n<meta property=\"og:image\" content=\"https:\/\/www.esmarin.fi\/wp-content\/uploads\/2020\/05\/IMG_73741-1024x683.jpg\" \/>\n\t<meta property=\"og:image:width\" content=\"1024\" \/>\n\t<meta property=\"og:image:height\" content=\"683\" \/>\n\t<meta property=\"og:image:type\" content=\"image\/jpeg\" \/>\n<meta name=\"twitter:card\" content=\"summary_large_image\" \/>\n<script type=\"application\/ld+json\" class=\"yoast-schema-graph\">{\"@context\":\"https:\\\/\\\/schema.org\",\"@graph\":[{\"@type\":\"WebPage\",\"@id\":\"https:\\\/\\\/www.esmarin.fi\\\/fi\\\/tyokoneet\\\/\",\"url\":\"https:\\\/\\\/www.esmarin.fi\\\/fi\\\/tyokoneet\\\/\",\"name\":\"Ty\u00f6koneet - Kilpailukykyiset ratkaisut valmistajille - Esmarin\",\"isPartOf\":{\"@id\":\"https:\\\/\\\/www.esmarin.fi\\\/#website\"},\"primaryImageOfPage\":{\"@id\":\"https:\\\/\\\/www.esmarin.fi\\\/fi\\\/tyokoneet\\\/#primaryimage\"},\"image\":{\"@id\":\"https:\\\/\\\/www.esmarin.fi\\\/fi\\\/tyokoneet\\\/#primaryimage\"},\"thumbnailUrl\":\"https:\\\/\\\/www.esmarin.fi\\\/wp-content\\\/uploads\\\/2020\\\/05\\\/IMG_73741.jpg\",\"datePublished\":\"2020-05-29T11:27:22+00:00\",\"dateModified\":\"2020-06-16T08:16:13+00:00\",\"description\":\"Erityisajoneuvojen lastink\u00e4sittelylaitteiden konesuojat, hyttien osat sek\u00e4 ty\u00f6, maatalous-, ja mets\u00e4koneiden konesuojat kustannustehokkaasti komposiitista.\",\"breadcrumb\":{\"@id\":\"https:\\\/\\\/www.esmarin.fi\\\/fi\\\/tyokoneet\\\/#breadcrumb\"},\"inLanguage\":\"fi\",\"potentialAction\":[{\"@type\":\"ReadAction\",\"target\":[\"https:\\\/\\\/www.esmarin.fi\\\/fi\\\/tyokoneet\\\/\"]}]},{\"@type\":\"ImageObject\",\"inLanguage\":\"fi\",\"@id\":\"https:\\\/\\\/www.esmarin.fi\\\/fi\\\/tyokoneet\\\/#primaryimage\",\"url\":\"https:\\\/\\\/www.esmarin.fi\\\/wp-content\\\/uploads\\\/2020\\\/05\\\/IMG_73741.jpg\",\"contentUrl\":\"https:\\\/\\\/www.esmarin.fi\\\/wp-content\\\/uploads\\\/2020\\\/05\\\/IMG_73741.jpg\",\"width\":2048,\"height\":1365},{\"@type\":\"BreadcrumbList\",\"@id\":\"https:\\\/\\\/www.esmarin.fi\\\/fi\\\/tyokoneet\\\/#breadcrumb\",\"itemListElement\":[{\"@type\":\"ListItem\",\"position\":1,\"name\":\"Home\",\"item\":\"https:\\\/\\\/www.esmarin.fi\\\/fi\\\/\"},{\"@type\":\"ListItem\",\"position\":2,\"name\":\"Ty\u00f6koneet\"}]},{\"@type\":\"WebSite\",\"@id\":\"https:\\\/\\\/www.esmarin.fi\\\/#website\",\"url\":\"https:\\\/\\\/www.esmarin.fi\\\/\",\"name\":\"Esmarin\",\"description\":\"Advanced Composite Solutions\",\"publisher\":{\"@id\":\"https:\\\/\\\/www.esmarin.fi\\\/#organization\"},\"potentialAction\":[{\"@type\":\"SearchAction\",\"target\":{\"@type\":\"EntryPoint\",\"urlTemplate\":\"https:\\\/\\\/www.esmarin.fi\\\/?s={search_term_string}\"},\"query-input\":{\"@type\":\"PropertyValueSpecification\",\"valueRequired\":true,\"valueName\":\"search_term_string\"}}],\"inLanguage\":\"fi\"},{\"@type\":\"Organization\",\"@id\":\"https:\\\/\\\/www.esmarin.fi\\\/#organization\",\"name\":\"Oy Esmarin Composites Ltd\",\"url\":\"https:\\\/\\\/www.esmarin.fi\\\/\",\"logo\":{\"@type\":\"ImageObject\",\"inLanguage\":\"fi\",\"@id\":\"https:\\\/\\\/www.esmarin.fi\\\/#\\\/schema\\\/logo\\\/image\\\/\",\"url\":\"https:\\\/\\\/www.esmarin.fi\\\/wp-content\\\/uploads\\\/2020\\\/07\\\/logo.png\",\"contentUrl\":\"https:\\\/\\\/www.esmarin.fi\\\/wp-content\\\/uploads\\\/2020\\\/07\\\/logo.png\",\"width\":307,\"height\":71,\"caption\":\"Oy Esmarin Composites Ltd\"},\"image\":{\"@id\":\"https:\\\/\\\/www.esmarin.fi\\\/#\\\/schema\\\/logo\\\/image\\\/\"}}]}<\/script>\n<!-- \/ Yoast SEO plugin. -->","yoast_head_json":{"title":"Ty\u00f6koneet - Kilpailukykyiset ratkaisut valmistajille - Esmarin","description":"Erityisajoneuvojen lastink\u00e4sittelylaitteiden konesuojat, hyttien osat sek\u00e4 ty\u00f6, maatalous-, ja mets\u00e4koneiden konesuojat kustannustehokkaasti komposiitista.","robots":{"index":"index","follow":"follow","max-snippet":"max-snippet:-1","max-image-preview":"max-image-preview:large","max-video-preview":"max-video-preview:-1"},"canonical":"https:\/\/www.esmarin.fi\/fi\/tyokoneet\/","og_locale":"fi_FI","og_type":"article","og_title":"Ty\u00f6koneet - Kilpailukykyiset ratkaisut valmistajille - Esmarin","og_description":"Erityisajoneuvojen lastink\u00e4sittelylaitteiden konesuojat, hyttien osat sek\u00e4 ty\u00f6, maatalous-, ja mets\u00e4koneiden konesuojat kustannustehokkaasti komposiitista.","og_url":"https:\/\/www.esmarin.fi\/fi\/tyokoneet\/","og_site_name":"Esmarin","article_modified_time":"2020-06-16T08:16:13+00:00","og_image":[{"width":1024,"height":683,"url":"https:\/\/www.esmarin.fi\/wp-content\/uploads\/2020\/05\/IMG_73741-1024x683.jpg","type":"image\/jpeg"}],"twitter_card":"summary_large_image","schema":{"@context":"https:\/\/schema.org","@graph":[{"@type":"WebPage","@id":"https:\/\/www.esmarin.fi\/fi\/tyokoneet\/","url":"https:\/\/www.esmarin.fi\/fi\/tyokoneet\/","name":"Ty\u00f6koneet - Kilpailukykyiset ratkaisut valmistajille - Esmarin","isPartOf":{"@id":"https:\/\/www.esmarin.fi\/#website"},"primaryImageOfPage":{"@id":"https:\/\/www.esmarin.fi\/fi\/tyokoneet\/#primaryimage"},"image":{"@id":"https:\/\/www.esmarin.fi\/fi\/tyokoneet\/#primaryimage"},"thumbnailUrl":"https:\/\/www.esmarin.fi\/wp-content\/uploads\/2020\/05\/IMG_73741.jpg","datePublished":"2020-05-29T11:27:22+00:00","dateModified":"2020-06-16T08:16:13+00:00","description":"Erityisajoneuvojen lastink\u00e4sittelylaitteiden konesuojat, hyttien osat sek\u00e4 ty\u00f6, maatalous-, ja mets\u00e4koneiden konesuojat kustannustehokkaasti komposiitista.","breadcrumb":{"@id":"https:\/\/www.esmarin.fi\/fi\/tyokoneet\/#breadcrumb"},"inLanguage":"fi","potentialAction":[{"@type":"ReadAction","target":["https:\/\/www.esmarin.fi\/fi\/tyokoneet\/"]}]},{"@type":"ImageObject","inLanguage":"fi","@id":"https:\/\/www.esmarin.fi\/fi\/tyokoneet\/#primaryimage","url":"https:\/\/www.esmarin.fi\/wp-content\/uploads\/2020\/05\/IMG_73741.jpg","contentUrl":"https:\/\/www.esmarin.fi\/wp-content\/uploads\/2020\/05\/IMG_73741.jpg","width":2048,"height":1365},{"@type":"BreadcrumbList","@id":"https:\/\/www.esmarin.fi\/fi\/tyokoneet\/#breadcrumb","itemListElement":[{"@type":"ListItem","position":1,"name":"Home","item":"https:\/\/www.esmarin.fi\/fi\/"},{"@type":"ListItem","position":2,"name":"Ty\u00f6koneet"}]},{"@type":"WebSite","@id":"https:\/\/www.esmarin.fi\/#website","url":"https:\/\/www.esmarin.fi\/","name":"Esmarin","description":"Advanced Composite Solutions","publisher":{"@id":"https:\/\/www.esmarin.fi\/#organization"},"potentialAction":[{"@type":"SearchAction","target":{"@type":"EntryPoint","urlTemplate":"https:\/\/www.esmarin.fi\/?s={search_term_string}"},"query-input":{"@type":"PropertyValueSpecification","valueRequired":true,"valueName":"search_term_string"}}],"inLanguage":"fi"},{"@type":"Organization","@id":"https:\/\/www.esmarin.fi\/#organization","name":"Oy Esmarin Composites Ltd","url":"https:\/\/www.esmarin.fi\/","logo":{"@type":"ImageObject","inLanguage":"fi","@id":"https:\/\/www.esmarin.fi\/#\/schema\/logo\/image\/","url":"https:\/\/www.esmarin.fi\/wp-content\/uploads\/2020\/07\/logo.png","contentUrl":"https:\/\/www.esmarin.fi\/wp-content\/uploads\/2020\/07\/logo.png","width":307,"height":71,"caption":"Oy Esmarin Composites Ltd"},"image":{"@id":"https:\/\/www.esmarin.fi\/#\/schema\/logo\/image\/"}}]}},"_links":{"self":[{"href":"https:\/\/www.esmarin.fi\/fi\/wp-json\/wp\/v2\/pages\/188","targetHints":{"allow":["GET"]}}],"collection":[{"href":"https:\/\/www.esmarin.fi\/fi\/wp-json\/wp\/v2\/pages"}],"about":[{"href":"https:\/\/www.esmarin.fi\/fi\/wp-json\/wp\/v2\/types\/page"}],"author":[{"embeddable":true,"href":"https:\/\/www.esmarin.fi\/fi\/wp-json\/wp\/v2\/users\/2"}],"replies":[{"embeddable":true,"href":"https:\/\/www.esmarin.fi\/fi\/wp-json\/wp\/v2\/comments?post=188"}],"version-history":[{"count":16,"href":"https:\/\/www.esmarin.fi\/fi\/wp-json\/wp\/v2\/pages\/188\/revisions"}],"predecessor-version":[{"id":396,"href":"https:\/\/www.esmarin.fi\/fi\/wp-json\/wp\/v2\/pages\/188\/revisions\/396"}],"wp:featuredmedia":[{"embeddable":true,"href":"https:\/\/www.esmarin.fi\/fi\/wp-json\/wp\/v2\/media\/240"}],"wp:attachment":[{"href":"https:\/\/www.esmarin.fi\/fi\/wp-json\/wp\/v2\/media?parent=188"}],"curies":[{"name":"wp","href":"https:\/\/api.w.org\/{rel}","templated":true}]}}