{"id":172,"date":"2020-05-29T14:15:43","date_gmt":"2020-05-29T11:15:43","guid":{"rendered":"https:\/\/www.esmarin.fi\/?page_id=172"},"modified":"2020-07-06T16:46:13","modified_gmt":"2020-07-06T13:46:13","slug":"yritys","status":"publish","type":"page","link":"https:\/\/www.esmarin.fi\/fi\/yritys\/","title":{"rendered":"Yritys"},"content":{"rendered":"<div id=\"pl-172\"  class=\"panel-layout\" ><div id=\"pg-172-0\"  class=\"panel-grid panel-has-style\" ><div class=\"pb-5 panel-row-style panel-row-style-for-172-0\" ><div id=\"pgc-172-0-0\"  class=\"panel-grid-cell\" ><div id=\"panel-172-0-0-0\" class=\"so-panel widget widget_sow-editor panel-first-child panel-last-child\" data-index=\"0\" ><div\n\t\t\t\n\t\t\tclass=\"so-widget-sow-editor so-widget-sow-editor-base\"\n\t\t\t\n\t\t>\n<div class=\"siteorigin-widget-tinymce textwidget\">\n\t<h1 style=\"text-align: center;\"><strong>Yritys<\/strong><\/h1>\n<p class=\"lead\">J\u00e4rjestelm\u00e4toimitukset ideasta sarjatuotantoon<\/p>\n<p>Oy Esmarin Composites Ltd on suomalainen perheyritys, joka tarjoaa asiakkailleen edistyksellisi\u00e4 komposiittiratkaisuja aina suunnittelusta ja tuotekehittelyst\u00e4 valmiisiin tuotteisiin. Olemme joustava ja kokenut yhteisty\u00f6kumppani, joka pystyy reagoimaan nopeisiin tarpeisiin ja vastaamaan erikokoisiin tuotantoeriin.<\/p>\n<h2 style=\"text-align: center;\">Ota yhteytt\u00e4<\/h2>\n<p style=\"text-align: center;\"><a href=\"https:\/\/www.esmarin.fi\/fi\/ota-yhteytta\/\">Katso yhteystietomme \u00bb<\/a><\/p>\n\n    <div class=\"text-center\">\n        <div class=\"dg-scroll-arrow d-inline-flex my-2 mx-auto\">\n            <img decoding=\"async\" src=\"https:\/\/www.esmarin.fi\/wp-content\/themes\/Digitaali\/images\/arrow-down-blue.svg\" \/>\n        <\/div>\n    <\/div>\n\n    <script>\n        \n    \/\/ Down arrow click - scroll to main content\n    $ = $ ||\u00a0jQuery;    \n    if ($('.dg-scroll-arrow').length) {\n        $('.dg-scroll-arrow').unbind(\"click\").click(function(e){\n\n            if ($('#dg-grid').length) {\n                $([document.documentElement, document.body]).animate({\n                    scrollTop: $('#dg-grid').offset().top\n                }, 500);\n            }\n        })\n    }\n    <\/script>\n\n    \n<\/div>\n<\/div><\/div><\/div><\/div><\/div><div id=\"pg-172-1\"  class=\"panel-grid panel-has-style\" ><div class=\"mt-5 siteorigin-panels-stretch panel-row-style panel-row-style-for-172-1\" id=\"dg-grid\" data-stretch-type=\"full-stretched\" ><div id=\"pgc-172-1-0\"  class=\"panel-grid-cell\" ><div id=\"panel-172-1-0-0\" class=\"so-panel widget widget_sow-editor panel-first-child panel-last-child\" data-index=\"1\" ><div\n\t\t\t\n\t\t\tclass=\"so-widget-sow-editor so-widget-sow-editor-base\"\n\t\t\t\n\t\t>\n<div class=\"siteorigin-widget-tinymce textwidget\">\n\t\n\t<div class=\"row no-gutters dg-fullwidth-nostobox align-items-center\">\n\n\t\t\n\n\t\t<div class=\"col-12 col-lg-6 order-lg-1 bg-img-col\" style=\"background-image: url('https:\/\/www.esmarin.fi\/wp-content\/uploads\/2020\/05\/Esmarin-5502-1024x683.jpg')\">\n\t\t<\/div><!-- \/.col -->\n        \n        <div class=\"col-12 col-lg-6 d-flex align-items-center order-lg-2 justify-content-lg-start\">\n\n\t\t\t<div class=\"content-wrapper text-lg-left\">\n\n\t\t\t\t\n\t\t\t\t\n\t\t\t\t\t\t\t\t\t<h2>Pitk\u00e4 kokemus tukena tuotekehitysprosesseissa<\/h2>\r\nYrityksemme perustamisesta vuodesta 1992 alkaen olemme toimineet j\u00e4rjestelm\u00e4toimittajana useille eri teollisuuden aloille. Hy\u00f6dynn\u00e4mme eri toimialoilta kertynytt\u00e4 kokemusta uusissa tuotekehitysprojekteissamme.\t\t\t\t\n\t\t\t\t\n\n\t\t\t<\/div><!-- \/.max-80 -->\n\n\t\t<\/div><!-- \/.col -->\n\n\t<\/div><!-- \/.row -->\n\n\t\n\t<div class=\"row no-gutters dg-fullwidth-nostobox align-items-center\">\n\n\t\t\n\n\t\t<div class=\"col-12 col-lg-6 order-lg-2 bg-img-col\" style=\"background-image: url('https:\/\/www.esmarin.fi\/wp-content\/uploads\/2020\/05\/Esmarin-5381-1024x683.jpg')\">\n\t\t<\/div><!-- \/.col -->\n        \n        <div class=\"col-12 col-lg-6 d-flex align-items-center order-lg-1 justify-content-lg-end\">\n\n\t\t\t<div class=\"content-wrapper text-lg-right\">\n\n\t\t\t\t\n\t\t\t\t\n\t\t\t\t\t\t\t\t\t<h2>Modernit tekniikat ja toimitilat<\/h2>\r\nK\u00e4yt\u00f6ss\u00e4mme on viimeisimm\u00e4t, erikohteisiin r\u00e4\u00e4t\u00e4l\u00f6idyt valmistustekniikat, joilla mahdollistetaan aina kokonaisedulliset ratkaisut. K\u00e4yt\u00e4mme komposiittituotteiden valmistuksessa ainoastaan nykyaikaisia infuusiotekniikoita. Meill\u00e4 on my\u00f6s laaja kokemus ja osaaminen paloturvallisten komposiittituotteiden valmistuksessa. Ydinosaamistamme on my\u00f6s metalli- ja komposiittirakenteiden yhdist\u00e4minen, josta meill\u00e4 on erityisen pitk\u00e4 kokemus sek\u00e4 laaja kumppaniverkosto.\r\n\r\nTuotantotilamme mukautuvat monenlaisiin tuotantoprosesseihin. Kokoonpanotuotantomme taipuu my\u00f6s esimerkiksi telakka- ja ajoneuvoteollisuuden metalliosien kasaamiseen.\t\t\t\t\n\t\t\t\t\n\n\t\t\t<\/div><!-- \/.max-80 -->\n\n\t\t<\/div><!-- \/.col -->\n\n\t<\/div><!-- \/.row -->\n\n\t\n\t<div class=\"row no-gutters dg-fullwidth-nostobox align-items-center\">\n\n\t\t\n\n\t\t<div class=\"col-12 col-lg-6 order-lg-1 bg-img-col\" style=\"background-image: url('https:\/\/www.esmarin.fi\/wp-content\/uploads\/2020\/05\/Esmarin-5545-1024x683.jpg')\">\n\t\t<\/div><!-- \/.col -->\n        \n        <div class=\"col-12 col-lg-6 d-flex align-items-center order-lg-2 justify-content-lg-start\">\n\n\t\t\t<div class=\"content-wrapper text-lg-left\">\n\n\t\t\t\t\n\t\t\t\t\n\t\t\t\t\t\t\t\t\t<h2>Tuotantoprosessi tuotekehityksest\u00e4 sarjatuotantoon<\/h2>\r\nVastaamme tarvittaessa koko tuotantoprosessista tuotekehitysty\u00f6st\u00e4 alkaen. 3D-suunnittelu, tarkka materiaalien valinta ja huolellinen tuotanto takaavat laadukkaat\u00a0ratkaisut eri tarkoituksiin.\t\t\t\t\n\t\t\t\t\n\n\t\t\t<\/div><!-- \/.max-80 -->\n\n\t\t<\/div><!-- \/.col -->\n\n\t<\/div><!-- \/.row -->\n\n\t\n\t<div class=\"row no-gutters dg-fullwidth-nostobox align-items-center\">\n\n\t\t\n\n\t\t<div class=\"col-12 col-lg-6 order-lg-2 bg-img-col\" style=\"background-image: url('https:\/\/www.esmarin.fi\/wp-content\/uploads\/2020\/05\/Esmarin-5490-1024x683.jpg')\">\n\t\t<\/div><!-- \/.col -->\n        \n        <div class=\"col-12 col-lg-6 d-flex align-items-center order-lg-1 justify-content-lg-end\">\n\n\t\t\t<div class=\"content-wrapper text-lg-right\">\n\n\t\t\t\t\n\t\t\t\t\n\t\t\t\t\t\t\t\t\t<h2>Kustannustehokkuutta komposiittiratkaisuilla<\/h2>\r\nKomposiittiratkaisumme ovat parhaimmillaan tuotteissa, joissa tarvitaan kevytt\u00e4 ja lujaa rakennetta, korroosionkestoa, \u00e4\u00e4ni- ja l\u00e4mp\u00f6eristyst\u00e4, helppoa asennettavuutta sek\u00e4 nykyaikaista muotoilua - pinnan laadusta tinkim\u00e4tt\u00e4. Komposiittituotteissa on mahdollista k\u00e4ytt\u00e4\u00e4 paloa hidastavia tai palamattomia komposiittirakenteita. Komposiittirakenteisiin voidaan my\u00f6s helposti yhdist\u00e4\u00e4 muita materiaaleja. Yhdell\u00e4 komposiittirakenteella saavutetaan kerralla monta ominaisuutta, jolloin v\u00e4ltet\u00e4\u00e4n p\u00e4\u00e4llekk\u00e4isi\u00e4 rakenteita ja saavutetaan n\u00e4in merkitt\u00e4vi\u00e4 kustannuss\u00e4\u00e4st\u00f6j\u00e4.\t\t\t\t\n\t\t\t\t\n\n\t\t\t<\/div><!-- \/.max-80 -->\n\n\t\t<\/div><!-- \/.col -->\n\n\t<\/div><!-- \/.row -->\n\n\t\n<\/div>\n<\/div><\/div><\/div><\/div><\/div><div id=\"pg-172-2\"  class=\"panel-grid panel-has-style\" ><div class=\"mt-4 siteorigin-panels-stretch panel-row-style panel-row-style-for-172-2\" id=\"dg-modeling\" data-stretch-type=\"full-stretched\" ><div id=\"pgc-172-2-0\"  class=\"panel-grid-cell\" ><div id=\"panel-172-2-0-0\" class=\"so-panel widget widget_sow-editor panel-first-child panel-last-child\" data-index=\"2\" ><div\n\t\t\t\n\t\t\tclass=\"so-widget-sow-editor so-widget-sow-editor-base\"\n\t\t\t\n\t\t>\n<div class=\"siteorigin-widget-tinymce textwidget\">\n\t\n        \n            <section class=\"dg-quote-full\">\n\n    <div class=\"container\">\n\n        <div class=\"row align-items-center\">\n            \n            <div class=\"col-12 col-lg-6 mb-4 mb-lg-0\">\n                \n                <div class=\"testimonial-entry\">\n\n    <div class=\"testimonial-text\">\"Olemme joustava ja kokenut kumppani, joka pystyy vastaamaan asiakkaidemme kaikkiin tarpeisiin.\"<\/div>\n\n    <div class=\"info\">\n        \n        \n        \n        \n    <\/div><!-- \/.info -->    \n\n<\/div><!-- \/.testimonial-entry -->\n            <\/div><!-- \/.col -->\n            \n            <div class=\"col-12 col-lg-6\">\n                \n                <div class=\"content\">\n                    <p>Yrityksemme perustamisesta l\u00e4htien vuonna 1992, olemme toimineet j\u00e4rjestelm\u00e4toimittajana eri toimialoille. Hy\u00f6dynn\u00e4mme eri toimialoilta saatua kokemusta uusissa tuotekehitysprojekteissamme.<\/p>\n<p>Asiakkaamme ty\u00f6skentelev\u00e4t mielell\u00e4\u00e4n kanssamme &#8211; merkkin\u00e4 siit\u00e4, meill\u00e4 on monia pitki\u00e4 asiakassuhteita. <a href=\"https:\/\/www.esmarin.fi\/fi\/historia\/\">Tutustu historiaan \u00bb<\/a><\/p>\n                <\/div>\n            \n            <\/div><!-- \/.col -->\n\n        <\/div><!-- \/.row -->\n\n    <\/div><!-- \/.div -->    \n\n<\/section><!-- \/.dg-quote-full -->\n        \n        \n<\/div>\n<\/div><\/div><\/div><\/div><\/div><\/div>","protected":false},"excerpt":{"rendered":"<p>Yritys J\u00e4rjestelm\u00e4toimitukset ideasta sarjatuotantoon Oy Esmarin Composites Ltd on suomalainen perheyritys, joka tarjoaa asiakkailleen edistyksellisi\u00e4 komposiittiratkaisuja aina suunnittelusta ja tuotekehittelyst\u00e4 valmiisiin tuotteisiin. Olemme&#8230;<\/p>\n","protected":false},"author":2,"featured_media":269,"parent":0,"menu_order":0,"comment_status":"closed","ping_status":"closed","template":"","meta":{"footnotes":""},"class_list":["post-172","page","type-page","status-publish","has-post-thumbnail","hentry"],"yoast_head":"<!-- This site is optimized with the Yoast SEO plugin v27.5 - https:\/\/yoast.com\/product\/yoast-seo-wordpress\/ -->\n<title>Yritys - J\u00e4rjestelm\u00e4toimitukset ideasta sarjatuotantoon - Esmarin<\/title>\n<meta name=\"description\" content=\"Oy Esmarin Composites Ltd tarjoaa asiakkailleen edistyksellisi\u00e4 komposiittiratkaisuja aina suunnittelusta ja tuotekehittelyst\u00e4 valmiisiin tuotteisiin.\" \/>\n<meta name=\"robots\" content=\"index, follow, max-snippet:-1, max-image-preview:large, max-video-preview:-1\" \/>\n<link rel=\"canonical\" href=\"https:\/\/www.esmarin.fi\/fi\/yritys\/\" \/>\n<meta property=\"og:locale\" content=\"fi_FI\" \/>\n<meta property=\"og:type\" content=\"article\" \/>\n<meta property=\"og:title\" content=\"Yritys - J\u00e4rjestelm\u00e4toimitukset ideasta sarjatuotantoon - Esmarin\" \/>\n<meta property=\"og:description\" content=\"Oy Esmarin Composites Ltd tarjoaa asiakkailleen edistyksellisi\u00e4 komposiittiratkaisuja aina suunnittelusta ja tuotekehittelyst\u00e4 valmiisiin tuotteisiin.\" \/>\n<meta property=\"og:url\" content=\"https:\/\/www.esmarin.fi\/fi\/yritys\/\" \/>\n<meta property=\"og:site_name\" content=\"Esmarin\" \/>\n<meta property=\"article:modified_time\" content=\"2020-07-06T13:46:13+00:00\" \/>\n<meta property=\"og:image\" content=\"https:\/\/www.esmarin.fi\/wp-content\/uploads\/2020\/05\/DJI_0002.jpg\" \/>\n\t<meta property=\"og:image:width\" content=\"2048\" \/>\n\t<meta property=\"og:image:height\" content=\"1536\" \/>\n\t<meta property=\"og:image:type\" content=\"image\/jpeg\" \/>\n<meta name=\"twitter:card\" content=\"summary_large_image\" \/>\n<script type=\"application\/ld+json\" class=\"yoast-schema-graph\">{\"@context\":\"https:\\\/\\\/schema.org\",\"@graph\":[{\"@type\":\"WebPage\",\"@id\":\"https:\\\/\\\/www.esmarin.fi\\\/fi\\\/yritys\\\/\",\"url\":\"https:\\\/\\\/www.esmarin.fi\\\/fi\\\/yritys\\\/\",\"name\":\"Yritys - J\u00e4rjestelm\u00e4toimitukset ideasta sarjatuotantoon - Esmarin\",\"isPartOf\":{\"@id\":\"https:\\\/\\\/www.esmarin.fi\\\/#website\"},\"primaryImageOfPage\":{\"@id\":\"https:\\\/\\\/www.esmarin.fi\\\/fi\\\/yritys\\\/#primaryimage\"},\"image\":{\"@id\":\"https:\\\/\\\/www.esmarin.fi\\\/fi\\\/yritys\\\/#primaryimage\"},\"thumbnailUrl\":\"https:\\\/\\\/www.esmarin.fi\\\/wp-content\\\/uploads\\\/2020\\\/05\\\/DJI_0002.jpg\",\"datePublished\":\"2020-05-29T11:15:43+00:00\",\"dateModified\":\"2020-07-06T13:46:13+00:00\",\"description\":\"Oy Esmarin Composites Ltd tarjoaa asiakkailleen edistyksellisi\u00e4 komposiittiratkaisuja aina suunnittelusta ja tuotekehittelyst\u00e4 valmiisiin tuotteisiin.\",\"breadcrumb\":{\"@id\":\"https:\\\/\\\/www.esmarin.fi\\\/fi\\\/yritys\\\/#breadcrumb\"},\"inLanguage\":\"fi\",\"potentialAction\":[{\"@type\":\"ReadAction\",\"target\":[\"https:\\\/\\\/www.esmarin.fi\\\/fi\\\/yritys\\\/\"]}]},{\"@type\":\"ImageObject\",\"inLanguage\":\"fi\",\"@id\":\"https:\\\/\\\/www.esmarin.fi\\\/fi\\\/yritys\\\/#primaryimage\",\"url\":\"https:\\\/\\\/www.esmarin.fi\\\/wp-content\\\/uploads\\\/2020\\\/05\\\/DJI_0002.jpg\",\"contentUrl\":\"https:\\\/\\\/www.esmarin.fi\\\/wp-content\\\/uploads\\\/2020\\\/05\\\/DJI_0002.jpg\",\"width\":2048,\"height\":1536,\"caption\":\"DCIM101MEDIADJI_0002.JPG\"},{\"@type\":\"BreadcrumbList\",\"@id\":\"https:\\\/\\\/www.esmarin.fi\\\/fi\\\/yritys\\\/#breadcrumb\",\"itemListElement\":[{\"@type\":\"ListItem\",\"position\":1,\"name\":\"Home\",\"item\":\"https:\\\/\\\/www.esmarin.fi\\\/fi\\\/\"},{\"@type\":\"ListItem\",\"position\":2,\"name\":\"Yritys\"}]},{\"@type\":\"WebSite\",\"@id\":\"https:\\\/\\\/www.esmarin.fi\\\/#website\",\"url\":\"https:\\\/\\\/www.esmarin.fi\\\/\",\"name\":\"Esmarin\",\"description\":\"Advanced Composite Solutions\",\"publisher\":{\"@id\":\"https:\\\/\\\/www.esmarin.fi\\\/#organization\"},\"potentialAction\":[{\"@type\":\"SearchAction\",\"target\":{\"@type\":\"EntryPoint\",\"urlTemplate\":\"https:\\\/\\\/www.esmarin.fi\\\/?s={search_term_string}\"},\"query-input\":{\"@type\":\"PropertyValueSpecification\",\"valueRequired\":true,\"valueName\":\"search_term_string\"}}],\"inLanguage\":\"fi\"},{\"@type\":\"Organization\",\"@id\":\"https:\\\/\\\/www.esmarin.fi\\\/#organization\",\"name\":\"Oy Esmarin Composites Ltd\",\"url\":\"https:\\\/\\\/www.esmarin.fi\\\/\",\"logo\":{\"@type\":\"ImageObject\",\"inLanguage\":\"fi\",\"@id\":\"https:\\\/\\\/www.esmarin.fi\\\/#\\\/schema\\\/logo\\\/image\\\/\",\"url\":\"https:\\\/\\\/www.esmarin.fi\\\/wp-content\\\/uploads\\\/2020\\\/07\\\/logo.png\",\"contentUrl\":\"https:\\\/\\\/www.esmarin.fi\\\/wp-content\\\/uploads\\\/2020\\\/07\\\/logo.png\",\"width\":307,\"height\":71,\"caption\":\"Oy Esmarin Composites Ltd\"},\"image\":{\"@id\":\"https:\\\/\\\/www.esmarin.fi\\\/#\\\/schema\\\/logo\\\/image\\\/\"}}]}<\/script>\n<!-- \/ Yoast SEO plugin. -->","yoast_head_json":{"title":"Yritys - J\u00e4rjestelm\u00e4toimitukset ideasta sarjatuotantoon - Esmarin","description":"Oy Esmarin Composites Ltd tarjoaa asiakkailleen edistyksellisi\u00e4 komposiittiratkaisuja aina suunnittelusta ja tuotekehittelyst\u00e4 valmiisiin tuotteisiin.","robots":{"index":"index","follow":"follow","max-snippet":"max-snippet:-1","max-image-preview":"max-image-preview:large","max-video-preview":"max-video-preview:-1"},"canonical":"https:\/\/www.esmarin.fi\/fi\/yritys\/","og_locale":"fi_FI","og_type":"article","og_title":"Yritys - J\u00e4rjestelm\u00e4toimitukset ideasta sarjatuotantoon - Esmarin","og_description":"Oy Esmarin Composites Ltd tarjoaa asiakkailleen edistyksellisi\u00e4 komposiittiratkaisuja aina suunnittelusta ja tuotekehittelyst\u00e4 valmiisiin tuotteisiin.","og_url":"https:\/\/www.esmarin.fi\/fi\/yritys\/","og_site_name":"Esmarin","article_modified_time":"2020-07-06T13:46:13+00:00","og_image":[{"width":2048,"height":1536,"url":"https:\/\/www.esmarin.fi\/wp-content\/uploads\/2020\/05\/DJI_0002.jpg","type":"image\/jpeg"}],"twitter_card":"summary_large_image","schema":{"@context":"https:\/\/schema.org","@graph":[{"@type":"WebPage","@id":"https:\/\/www.esmarin.fi\/fi\/yritys\/","url":"https:\/\/www.esmarin.fi\/fi\/yritys\/","name":"Yritys - J\u00e4rjestelm\u00e4toimitukset ideasta sarjatuotantoon - Esmarin","isPartOf":{"@id":"https:\/\/www.esmarin.fi\/#website"},"primaryImageOfPage":{"@id":"https:\/\/www.esmarin.fi\/fi\/yritys\/#primaryimage"},"image":{"@id":"https:\/\/www.esmarin.fi\/fi\/yritys\/#primaryimage"},"thumbnailUrl":"https:\/\/www.esmarin.fi\/wp-content\/uploads\/2020\/05\/DJI_0002.jpg","datePublished":"2020-05-29T11:15:43+00:00","dateModified":"2020-07-06T13:46:13+00:00","description":"Oy Esmarin Composites Ltd tarjoaa asiakkailleen edistyksellisi\u00e4 komposiittiratkaisuja aina suunnittelusta ja tuotekehittelyst\u00e4 valmiisiin tuotteisiin.","breadcrumb":{"@id":"https:\/\/www.esmarin.fi\/fi\/yritys\/#breadcrumb"},"inLanguage":"fi","potentialAction":[{"@type":"ReadAction","target":["https:\/\/www.esmarin.fi\/fi\/yritys\/"]}]},{"@type":"ImageObject","inLanguage":"fi","@id":"https:\/\/www.esmarin.fi\/fi\/yritys\/#primaryimage","url":"https:\/\/www.esmarin.fi\/wp-content\/uploads\/2020\/05\/DJI_0002.jpg","contentUrl":"https:\/\/www.esmarin.fi\/wp-content\/uploads\/2020\/05\/DJI_0002.jpg","width":2048,"height":1536,"caption":"DCIM101MEDIADJI_0002.JPG"},{"@type":"BreadcrumbList","@id":"https:\/\/www.esmarin.fi\/fi\/yritys\/#breadcrumb","itemListElement":[{"@type":"ListItem","position":1,"name":"Home","item":"https:\/\/www.esmarin.fi\/fi\/"},{"@type":"ListItem","position":2,"name":"Yritys"}]},{"@type":"WebSite","@id":"https:\/\/www.esmarin.fi\/#website","url":"https:\/\/www.esmarin.fi\/","name":"Esmarin","description":"Advanced Composite Solutions","publisher":{"@id":"https:\/\/www.esmarin.fi\/#organization"},"potentialAction":[{"@type":"SearchAction","target":{"@type":"EntryPoint","urlTemplate":"https:\/\/www.esmarin.fi\/?s={search_term_string}"},"query-input":{"@type":"PropertyValueSpecification","valueRequired":true,"valueName":"search_term_string"}}],"inLanguage":"fi"},{"@type":"Organization","@id":"https:\/\/www.esmarin.fi\/#organization","name":"Oy Esmarin Composites Ltd","url":"https:\/\/www.esmarin.fi\/","logo":{"@type":"ImageObject","inLanguage":"fi","@id":"https:\/\/www.esmarin.fi\/#\/schema\/logo\/image\/","url":"https:\/\/www.esmarin.fi\/wp-content\/uploads\/2020\/07\/logo.png","contentUrl":"https:\/\/www.esmarin.fi\/wp-content\/uploads\/2020\/07\/logo.png","width":307,"height":71,"caption":"Oy Esmarin Composites Ltd"},"image":{"@id":"https:\/\/www.esmarin.fi\/#\/schema\/logo\/image\/"}}]}},"_links":{"self":[{"href":"https:\/\/www.esmarin.fi\/fi\/wp-json\/wp\/v2\/pages\/172","targetHints":{"allow":["GET"]}}],"collection":[{"href":"https:\/\/www.esmarin.fi\/fi\/wp-json\/wp\/v2\/pages"}],"about":[{"href":"https:\/\/www.esmarin.fi\/fi\/wp-json\/wp\/v2\/types\/page"}],"author":[{"embeddable":true,"href":"https:\/\/www.esmarin.fi\/fi\/wp-json\/wp\/v2\/users\/2"}],"replies":[{"embeddable":true,"href":"https:\/\/www.esmarin.fi\/fi\/wp-json\/wp\/v2\/comments?post=172"}],"version-history":[{"count":10,"href":"https:\/\/www.esmarin.fi\/fi\/wp-json\/wp\/v2\/pages\/172\/revisions"}],"predecessor-version":[{"id":412,"href":"https:\/\/www.esmarin.fi\/fi\/wp-json\/wp\/v2\/pages\/172\/revisions\/412"}],"wp:featuredmedia":[{"embeddable":true,"href":"https:\/\/www.esmarin.fi\/fi\/wp-json\/wp\/v2\/media\/269"}],"wp:attachment":[{"href":"https:\/\/www.esmarin.fi\/fi\/wp-json\/wp\/v2\/media?parent=172"}],"curies":[{"name":"wp","href":"https:\/\/api.w.org\/{rel}","templated":true}]}}