{"id":165,"date":"2020-05-29T08:33:36","date_gmt":"2020-05-29T05:33:36","guid":{"rendered":"https:\/\/www.esmarin.fi\/?page_id=165"},"modified":"2020-06-16T11:08:03","modified_gmt":"2020-06-16T08:08:03","slug":"komposiitti","status":"publish","type":"page","link":"https:\/\/www.esmarin.fi\/fi\/","title":{"rendered":"Komposiittiratkaisut kaikkiin tarpeisiin"},"content":{"rendered":"<h2 style=\"text-align: center;\">Komposiittiratkaisut Esmarinilta<\/h2>\n<p class=\"lead\">Komposiitti tarjoaa l\u00e4hes rajattomat mahdollisuudet teollisuuden k\u00e4ytt\u00f6\u00f6n. Se voi palvella niin teollisuuden, ajoneuvoteollisuuden, laivanrakennuksen, l\u00e4\u00e4keteollisuuden arkkitehtuurin kuin armeijankin tarpeita.<\/p>\n<p class=\"lead\">Oy Esmarin Composites Ltd on kokenut ammattilainen komposiittimateriaalien t\u00e4yden potentiaalin hy\u00f6dynt\u00e4misess\u00e4.<\/p>\n<p style=\"text-align: center;\">\n    <div class=\"text-center\">\n        <div class=\"dg-scroll-arrow d-inline-flex my-2 mx-auto\">\n            <img decoding=\"async\" src=\"https:\/\/www.esmarin.fi\/wp-content\/themes\/Digitaali\/images\/arrow-down-blue.svg\" \/>\n        <\/div>\n    <\/div>\n\n    <script>\n        \n    \/\/ Down arrow click - scroll to main content\n    $ = $ ||\u00a0jQuery;    \n    if ($('.dg-scroll-arrow').length) {\n        $('.dg-scroll-arrow').unbind(\"click\").click(function(e){\n\n            if ($('#section-1').length) {\n                $([document.documentElement, document.body]).animate({\n                    scrollTop: $('#section-1').offset().top\n                }, 500);\n            }\n        })\n    }\n    <\/script>\n\n    <\/p>\n","protected":false},"excerpt":{"rendered":"<p>Komposiittiratkaisut Esmarinilta Komposiitti tarjoaa l\u00e4hes rajattomat mahdollisuudet teollisuuden k\u00e4ytt\u00f6\u00f6n. Se voi palvella niin teollisuuden, ajoneuvoteollisuuden, laivanrakennuksen, l\u00e4\u00e4keteollisuuden arkkitehtuurin kuin armeijankin tarpeita. Oy Esmarin&#8230;<\/p>\n","protected":false},"author":2,"featured_media":0,"parent":0,"menu_order":0,"comment_status":"closed","ping_status":"closed","template":"","meta":{"footnotes":""},"class_list":["post-165","page","type-page","status-publish","hentry"],"yoast_head":"<!-- This site is optimized with the Yoast SEO plugin v27.5 - https:\/\/yoast.com\/product\/yoast-seo-wordpress\/ -->\n<title>Komposiittiratkaisut kaikkiin tarpeisiin - Esmarin | Kiskoteollisuus | Marine<\/title>\n<meta name=\"description\" content=\"Esmarin on kokenut ammattilainen komposiittimateriaalien potentiaalin hy\u00f6dynt\u00e4misess\u00e4. Tarjoamme komposiittiratkaisut eri teollisuuden alojen k\u00e4ytt\u00f6\u00f6n.\" \/>\n<meta name=\"robots\" content=\"index, follow, max-snippet:-1, max-image-preview:large, max-video-preview:-1\" \/>\n<link rel=\"canonical\" href=\"https:\/\/www.esmarin.fi\/fi\/\" \/>\n<meta property=\"og:locale\" content=\"fi_FI\" \/>\n<meta property=\"og:type\" content=\"article\" \/>\n<meta property=\"og:title\" content=\"Komposiittiratkaisut kaikkiin tarpeisiin - Esmarin | Kiskoteollisuus | Marine\" \/>\n<meta property=\"og:description\" content=\"Esmarin on kokenut ammattilainen komposiittimateriaalien potentiaalin hy\u00f6dynt\u00e4misess\u00e4. Tarjoamme komposiittiratkaisut eri teollisuuden alojen k\u00e4ytt\u00f6\u00f6n.\" \/>\n<meta property=\"og:url\" content=\"https:\/\/www.esmarin.fi\/fi\/\" \/>\n<meta property=\"og:site_name\" content=\"Esmarin\" \/>\n<meta property=\"article:modified_time\" content=\"2020-06-16T08:08:03+00:00\" \/>\n<meta property=\"og:image\" content=\"https:\/\/www.esmarin.fi\/wp-content\/uploads\/2020\/07\/bg.jpg\" \/>\n\t<meta property=\"og:image:width\" content=\"1619\" \/>\n\t<meta property=\"og:image:height\" content=\"1080\" \/>\n\t<meta property=\"og:image:type\" content=\"image\/jpeg\" \/>\n<meta name=\"twitter:card\" content=\"summary_large_image\" \/>\n<script type=\"application\/ld+json\" class=\"yoast-schema-graph\">{\"@context\":\"https:\\\/\\\/schema.org\",\"@graph\":[{\"@type\":\"WebPage\",\"@id\":\"https:\\\/\\\/www.esmarin.fi\\\/fi\\\/\",\"url\":\"https:\\\/\\\/www.esmarin.fi\\\/fi\\\/\",\"name\":\"Komposiittiratkaisut kaikkiin tarpeisiin - Esmarin | Kiskoteollisuus | Marine\",\"isPartOf\":{\"@id\":\"https:\\\/\\\/www.esmarin.fi\\\/#website\"},\"datePublished\":\"2020-05-29T05:33:36+00:00\",\"dateModified\":\"2020-06-16T08:08:03+00:00\",\"description\":\"Esmarin on kokenut ammattilainen komposiittimateriaalien potentiaalin hy\u00f6dynt\u00e4misess\u00e4. Tarjoamme komposiittiratkaisut eri teollisuuden alojen k\u00e4ytt\u00f6\u00f6n.\",\"breadcrumb\":{\"@id\":\"https:\\\/\\\/www.esmarin.fi\\\/fi\\\/#breadcrumb\"},\"inLanguage\":\"fi\",\"potentialAction\":[{\"@type\":\"ReadAction\",\"target\":[\"https:\\\/\\\/www.esmarin.fi\\\/fi\\\/\"]}]},{\"@type\":\"BreadcrumbList\",\"@id\":\"https:\\\/\\\/www.esmarin.fi\\\/fi\\\/#breadcrumb\",\"itemListElement\":[{\"@type\":\"ListItem\",\"position\":1,\"name\":\"Home\",\"item\":\"https:\\\/\\\/www.esmarin.fi\\\/fi\\\/\"},{\"@type\":\"ListItem\",\"position\":2,\"name\":\"Komposiittiratkaisut kaikkiin tarpeisiin\"}]},{\"@type\":\"WebSite\",\"@id\":\"https:\\\/\\\/www.esmarin.fi\\\/#website\",\"url\":\"https:\\\/\\\/www.esmarin.fi\\\/\",\"name\":\"Esmarin\",\"description\":\"Advanced Composite Solutions\",\"publisher\":{\"@id\":\"https:\\\/\\\/www.esmarin.fi\\\/#organization\"},\"potentialAction\":[{\"@type\":\"SearchAction\",\"target\":{\"@type\":\"EntryPoint\",\"urlTemplate\":\"https:\\\/\\\/www.esmarin.fi\\\/?s={search_term_string}\"},\"query-input\":{\"@type\":\"PropertyValueSpecification\",\"valueRequired\":true,\"valueName\":\"search_term_string\"}}],\"inLanguage\":\"fi\"},{\"@type\":\"Organization\",\"@id\":\"https:\\\/\\\/www.esmarin.fi\\\/#organization\",\"name\":\"Oy Esmarin Composites Ltd\",\"url\":\"https:\\\/\\\/www.esmarin.fi\\\/\",\"logo\":{\"@type\":\"ImageObject\",\"inLanguage\":\"fi\",\"@id\":\"https:\\\/\\\/www.esmarin.fi\\\/#\\\/schema\\\/logo\\\/image\\\/\",\"url\":\"https:\\\/\\\/www.esmarin.fi\\\/wp-content\\\/uploads\\\/2020\\\/07\\\/logo.png\",\"contentUrl\":\"https:\\\/\\\/www.esmarin.fi\\\/wp-content\\\/uploads\\\/2020\\\/07\\\/logo.png\",\"width\":307,\"height\":71,\"caption\":\"Oy Esmarin Composites Ltd\"},\"image\":{\"@id\":\"https:\\\/\\\/www.esmarin.fi\\\/#\\\/schema\\\/logo\\\/image\\\/\"}}]}<\/script>\n<!-- \/ Yoast SEO plugin. -->","yoast_head_json":{"title":"Komposiittiratkaisut kaikkiin tarpeisiin - Esmarin | Kiskoteollisuus | Marine","description":"Esmarin on kokenut ammattilainen komposiittimateriaalien potentiaalin hy\u00f6dynt\u00e4misess\u00e4. Tarjoamme komposiittiratkaisut eri teollisuuden alojen k\u00e4ytt\u00f6\u00f6n.","robots":{"index":"index","follow":"follow","max-snippet":"max-snippet:-1","max-image-preview":"max-image-preview:large","max-video-preview":"max-video-preview:-1"},"canonical":"https:\/\/www.esmarin.fi\/fi\/","og_locale":"fi_FI","og_type":"article","og_title":"Komposiittiratkaisut kaikkiin tarpeisiin - Esmarin | Kiskoteollisuus | Marine","og_description":"Esmarin on kokenut ammattilainen komposiittimateriaalien potentiaalin hy\u00f6dynt\u00e4misess\u00e4. Tarjoamme komposiittiratkaisut eri teollisuuden alojen k\u00e4ytt\u00f6\u00f6n.","og_url":"https:\/\/www.esmarin.fi\/fi\/","og_site_name":"Esmarin","article_modified_time":"2020-06-16T08:08:03+00:00","og_image":[{"width":1619,"height":1080,"url":"https:\/\/www.esmarin.fi\/wp-content\/uploads\/2020\/07\/bg.jpg","type":"image\/jpeg"}],"twitter_card":"summary_large_image","schema":{"@context":"https:\/\/schema.org","@graph":[{"@type":"WebPage","@id":"https:\/\/www.esmarin.fi\/fi\/","url":"https:\/\/www.esmarin.fi\/fi\/","name":"Komposiittiratkaisut kaikkiin tarpeisiin - Esmarin | Kiskoteollisuus | Marine","isPartOf":{"@id":"https:\/\/www.esmarin.fi\/#website"},"datePublished":"2020-05-29T05:33:36+00:00","dateModified":"2020-06-16T08:08:03+00:00","description":"Esmarin on kokenut ammattilainen komposiittimateriaalien potentiaalin hy\u00f6dynt\u00e4misess\u00e4. Tarjoamme komposiittiratkaisut eri teollisuuden alojen k\u00e4ytt\u00f6\u00f6n.","breadcrumb":{"@id":"https:\/\/www.esmarin.fi\/fi\/#breadcrumb"},"inLanguage":"fi","potentialAction":[{"@type":"ReadAction","target":["https:\/\/www.esmarin.fi\/fi\/"]}]},{"@type":"BreadcrumbList","@id":"https:\/\/www.esmarin.fi\/fi\/#breadcrumb","itemListElement":[{"@type":"ListItem","position":1,"name":"Home","item":"https:\/\/www.esmarin.fi\/fi\/"},{"@type":"ListItem","position":2,"name":"Komposiittiratkaisut kaikkiin tarpeisiin"}]},{"@type":"WebSite","@id":"https:\/\/www.esmarin.fi\/#website","url":"https:\/\/www.esmarin.fi\/","name":"Esmarin","description":"Advanced Composite Solutions","publisher":{"@id":"https:\/\/www.esmarin.fi\/#organization"},"potentialAction":[{"@type":"SearchAction","target":{"@type":"EntryPoint","urlTemplate":"https:\/\/www.esmarin.fi\/?s={search_term_string}"},"query-input":{"@type":"PropertyValueSpecification","valueRequired":true,"valueName":"search_term_string"}}],"inLanguage":"fi"},{"@type":"Organization","@id":"https:\/\/www.esmarin.fi\/#organization","name":"Oy Esmarin Composites Ltd","url":"https:\/\/www.esmarin.fi\/","logo":{"@type":"ImageObject","inLanguage":"fi","@id":"https:\/\/www.esmarin.fi\/#\/schema\/logo\/image\/","url":"https:\/\/www.esmarin.fi\/wp-content\/uploads\/2020\/07\/logo.png","contentUrl":"https:\/\/www.esmarin.fi\/wp-content\/uploads\/2020\/07\/logo.png","width":307,"height":71,"caption":"Oy Esmarin Composites Ltd"},"image":{"@id":"https:\/\/www.esmarin.fi\/#\/schema\/logo\/image\/"}}]}},"_links":{"self":[{"href":"https:\/\/www.esmarin.fi\/fi\/wp-json\/wp\/v2\/pages\/165","targetHints":{"allow":["GET"]}}],"collection":[{"href":"https:\/\/www.esmarin.fi\/fi\/wp-json\/wp\/v2\/pages"}],"about":[{"href":"https:\/\/www.esmarin.fi\/fi\/wp-json\/wp\/v2\/types\/page"}],"author":[{"embeddable":true,"href":"https:\/\/www.esmarin.fi\/fi\/wp-json\/wp\/v2\/users\/2"}],"replies":[{"embeddable":true,"href":"https:\/\/www.esmarin.fi\/fi\/wp-json\/wp\/v2\/comments?post=165"}],"version-history":[{"count":8,"href":"https:\/\/www.esmarin.fi\/fi\/wp-json\/wp\/v2\/pages\/165\/revisions"}],"predecessor-version":[{"id":324,"href":"https:\/\/www.esmarin.fi\/fi\/wp-json\/wp\/v2\/pages\/165\/revisions\/324"}],"wp:attachment":[{"href":"https:\/\/www.esmarin.fi\/fi\/wp-json\/wp\/v2\/media?parent=165"}],"curies":[{"name":"wp","href":"https:\/\/api.w.org\/{rel}","templated":true}]}}